{"id":57550,"date":"2025-04-01T13:41:24","date_gmt":"2025-04-01T13:41:24","guid":{"rendered":"https:\/\/trailerpartsplaza.com\/product\/gefahrendreieck\/"},"modified":"2025-05-12T13:51:05","modified_gmt":"2025-05-12T13:51:05","slug":"gefahrendreieck","status":"publish","type":"product","link":"https:\/\/trailerpartsplaza.com\/de\/produkt\/gefahrendreieck\/","title":{"rendered":"Gefahrendreieck"},"content":{"rendered":"","protected":false},"excerpt":{"rendered":"<p>Das Warndreieck ist f\u00fcr zuverl\u00e4ssige Leistung und Langlebigkeit ausgelegt. Es eignet sich sowohl f\u00fcr leichte als auch f\u00fcr schwerere Aufgaben. Bitte kontaktieren Sie uns f\u00fcr weitere Informationen zu diesem Produkt. M\u00f6chten Sie weitere Informationen zu diesem Produkt? Dann nehmen Sie Kontakt mit uns auf!    <\/p>\n","protected":false},"featured_media":56913,"comment_status":"open","ping_status":"closed","template":"","meta":{"_joinchat":[]},"product_brand":[],"product_cat":[897,896],"product_tag":[],"class_list":{"0":"post-57550","1":"product","2":"type-product","3":"status-publish","4":"has-post-thumbnail","6":"product_cat-artikel-aufschlusseln","7":"product_cat-saisonale-und-andere-produkte","10":"first","11":"outofstock","12":"taxable","13":"shipping-taxable","14":"purchasable","15":"product-type-simple"},"_links":{"self":[{"href":"https:\/\/trailerpartsplaza.com\/de\/wp-json\/wp\/v2\/product\/57550"}],"collection":[{"href":"https:\/\/trailerpartsplaza.com\/de\/wp-json\/wp\/v2\/product"}],"about":[{"href":"https:\/\/trailerpartsplaza.com\/de\/wp-json\/wp\/v2\/types\/product"}],"replies":[{"embeddable":true,"href":"https:\/\/trailerpartsplaza.com\/de\/wp-json\/wp\/v2\/comments?post=57550"}],"wp:featuredmedia":[{"embeddable":true,"href":"https:\/\/trailerpartsplaza.com\/de\/wp-json\/wp\/v2\/media\/56913"}],"wp:attachment":[{"href":"https:\/\/trailerpartsplaza.com\/de\/wp-json\/wp\/v2\/media?parent=57550"}],"wp:term":[{"taxonomy":"product_brand","embeddable":true,"href":"https:\/\/trailerpartsplaza.com\/de\/wp-json\/wp\/v2\/product_brand?post=57550"},{"taxonomy":"product_cat","embeddable":true,"href":"https:\/\/trailerpartsplaza.com\/de\/wp-json\/wp\/v2\/product_cat?post=57550"},{"taxonomy":"product_tag","embeddable":true,"href":"https:\/\/trailerpartsplaza.com\/de\/wp-json\/wp\/v2\/product_tag?post=57550"}],"curies":[{"name":"wp","href":"https:\/\/api.w.org\/{rel}","templated":true}]}}