{"id":58467,"date":"2025-04-01T13:40:48","date_gmt":"2025-04-01T13:40:48","guid":{"rendered":"https:\/\/trailerpartsplaza.com\/product\/gasdruckfeder-1500n-770mm-auge-auge\/"},"modified":"2025-04-01T13:40:48","modified_gmt":"2025-04-01T13:40:48","slug":"gasdruckfeder-1500n-770mm-auge-auge","status":"publish","type":"product","link":"https:\/\/trailerpartsplaza.com\/de\/produkt\/gasdruckfeder-1500n-770mm-auge-auge\/","title":{"rendered":"Gasdruckfeder 1500n 770mm Auge\/Auge"},"content":{"rendered":"","protected":false},"excerpt":{"rendered":"<p>F\u00fcr intensiven Gebrauch ist die Gasdruckfeder 1500n 770mm Auge\/Auge eine ausgezeichnete Wahl. Sowohl f\u00fcr leichte als auch f\u00fcr schwerere Anwendungen geeignet. F\u00fcr alle, die Qualit\u00e4t und Komfort in einem Teil suchen. M\u00f6chten Sie weitere Informationen zu diesem Produkt? Dann nehmen Sie Kontakt mit uns auf!    <\/p>\n","protected":false},"featured_media":57479,"comment_status":"open","ping_status":"closed","template":"","meta":{"_joinchat":[]},"product_brand":[],"product_cat":[923,909],"product_tag":[],"class_list":{"0":"post-58467","1":"product","2":"type-product","3":"status-publish","4":"has-post-thumbnail","6":"product_cat-gasfedern","7":"product_cat-gebaude-hardware","10":"first","11":"instock","12":"taxable","13":"shipping-taxable","14":"purchasable","15":"product-type-simple"},"_links":{"self":[{"href":"https:\/\/trailerpartsplaza.com\/de\/wp-json\/wp\/v2\/product\/58467"}],"collection":[{"href":"https:\/\/trailerpartsplaza.com\/de\/wp-json\/wp\/v2\/product"}],"about":[{"href":"https:\/\/trailerpartsplaza.com\/de\/wp-json\/wp\/v2\/types\/product"}],"replies":[{"embeddable":true,"href":"https:\/\/trailerpartsplaza.com\/de\/wp-json\/wp\/v2\/comments?post=58467"}],"wp:featuredmedia":[{"embeddable":true,"href":"https:\/\/trailerpartsplaza.com\/de\/wp-json\/wp\/v2\/media\/57479"}],"wp:attachment":[{"href":"https:\/\/trailerpartsplaza.com\/de\/wp-json\/wp\/v2\/media?parent=58467"}],"wp:term":[{"taxonomy":"product_brand","embeddable":true,"href":"https:\/\/trailerpartsplaza.com\/de\/wp-json\/wp\/v2\/product_brand?post=58467"},{"taxonomy":"product_cat","embeddable":true,"href":"https:\/\/trailerpartsplaza.com\/de\/wp-json\/wp\/v2\/product_cat?post=58467"},{"taxonomy":"product_tag","embeddable":true,"href":"https:\/\/trailerpartsplaza.com\/de\/wp-json\/wp\/v2\/product_tag?post=58467"}],"curies":[{"name":"wp","href":"https:\/\/api.w.org\/{rel}","templated":true}]}}