{"id":58468,"date":"2025-04-01T13:40:48","date_gmt":"2025-04-01T13:40:48","guid":{"rendered":"https:\/\/trailerpartsplaza.com\/product\/gasdruckfeder-2000n-770mm-auge-auge\/"},"modified":"2025-04-01T13:40:48","modified_gmt":"2025-04-01T13:40:48","slug":"gasdruckfeder-2000n-770mm-auge-auge","status":"publish","type":"product","link":"https:\/\/trailerpartsplaza.com\/de\/produkt\/gasdruckfeder-2000n-770mm-auge-auge\/","title":{"rendered":"Gasdruckfeder 2000n 770mm Auge\/Auge"},"content":{"rendered":"","protected":false},"excerpt":{"rendered":"<p>R\u00fcsten Sie Ihr Fahrzeug mit der Gasdruckfeder 2000n 770mm Auge\/Auge f\u00fcr eine feste und stabile Basis auf. Die Kombination aus Solidit\u00e4t und Funktionalit\u00e4t macht dies zu einer zuverl\u00e4ssigen L\u00f6sung. Entwickelt f\u00fcr Langlebigkeit und Benutzerfreundlichkeit. M\u00f6chten Sie weitere Informationen zu diesem Produkt? Dann nehmen Sie Kontakt mit uns auf!    <\/p>\n","protected":false},"featured_media":57479,"comment_status":"open","ping_status":"closed","template":"","meta":{"_joinchat":[]},"product_brand":[],"product_cat":[923,909],"product_tag":[],"class_list":{"0":"post-58468","1":"product","2":"type-product","3":"status-publish","4":"has-post-thumbnail","6":"product_cat-gasfedern","7":"product_cat-gebaude-hardware","10":"first","11":"instock","12":"taxable","13":"shipping-taxable","14":"purchasable","15":"product-type-simple"},"_links":{"self":[{"href":"https:\/\/trailerpartsplaza.com\/de\/wp-json\/wp\/v2\/product\/58468"}],"collection":[{"href":"https:\/\/trailerpartsplaza.com\/de\/wp-json\/wp\/v2\/product"}],"about":[{"href":"https:\/\/trailerpartsplaza.com\/de\/wp-json\/wp\/v2\/types\/product"}],"replies":[{"embeddable":true,"href":"https:\/\/trailerpartsplaza.com\/de\/wp-json\/wp\/v2\/comments?post=58468"}],"wp:featuredmedia":[{"embeddable":true,"href":"https:\/\/trailerpartsplaza.com\/de\/wp-json\/wp\/v2\/media\/57479"}],"wp:attachment":[{"href":"https:\/\/trailerpartsplaza.com\/de\/wp-json\/wp\/v2\/media?parent=58468"}],"wp:term":[{"taxonomy":"product_brand","embeddable":true,"href":"https:\/\/trailerpartsplaza.com\/de\/wp-json\/wp\/v2\/product_brand?post=58468"},{"taxonomy":"product_cat","embeddable":true,"href":"https:\/\/trailerpartsplaza.com\/de\/wp-json\/wp\/v2\/product_cat?post=58468"},{"taxonomy":"product_tag","embeddable":true,"href":"https:\/\/trailerpartsplaza.com\/de\/wp-json\/wp\/v2\/product_tag?post=58468"}],"curies":[{"name":"wp","href":"https:\/\/api.w.org\/{rel}","templated":true}]}}