{"id":58506,"date":"2025-04-01T13:40:38","date_gmt":"2025-04-01T13:40:38","guid":{"rendered":"https:\/\/trailerpartsplaza.com\/product\/trommelbremse-bpw-s2005-7-rask-200x50mm-05-434-84-10-0-34-64x37mm\/"},"modified":"2025-04-01T13:40:38","modified_gmt":"2025-04-01T13:40:38","slug":"trommelbremse-bpw-s2005-7-rask-200x50mm-05-434-84-10-0-34-64x37mm","status":"publish","type":"product","link":"https:\/\/trailerpartsplaza.com\/de\/produkt\/trommelbremse-bpw-s2005-7-rask-200x50mm-05-434-84-10-0-34-64x37mm\/","title":{"rendered":"Trommelbremse BPW S2005-7 RASK 200x50mm 05.434.84.10.0 34\/64x37mm"},"content":{"rendered":"","protected":false},"excerpt":{"rendered":"<p>R\u00fcsten Sie Ihr Fahrzeug mit der Trommelbremse bpw s2005-7 rask 200x50mm 05.434.84.10.0 34\/64x37mm f\u00fcr eine solide und stabile Basis auf. Perfekt auf die g\u00e4ngigen Fahrzeugspezifikationen abgestimmt. Ein h\u00e4ufig von professionellen Anwendern gew\u00e4hltes Teil. M\u00f6chten Sie weitere Informationen zu diesem Produkt? Dann nehmen Sie Kontakt mit uns auf!    <\/p>\n","protected":false},"featured_media":57473,"comment_status":"open","ping_status":"closed","template":"","meta":{"_joinchat":[]},"product_brand":[],"product_cat":[928,926,900],"product_tag":[],"class_list":{"0":"post-58506","1":"product","2":"type-product","3":"status-publish","4":"has-post-thumbnail","6":"product_cat-andere-artikel-uber-bremsen","7":"product_cat-teile-der-bremse","8":"product_cat-teile-fur-achsen-rader-und-bremsen","11":"first","12":"outofstock","13":"taxable","14":"shipping-taxable","15":"purchasable","16":"product-type-simple"},"_links":{"self":[{"href":"https:\/\/trailerpartsplaza.com\/de\/wp-json\/wp\/v2\/product\/58506"}],"collection":[{"href":"https:\/\/trailerpartsplaza.com\/de\/wp-json\/wp\/v2\/product"}],"about":[{"href":"https:\/\/trailerpartsplaza.com\/de\/wp-json\/wp\/v2\/types\/product"}],"replies":[{"embeddable":true,"href":"https:\/\/trailerpartsplaza.com\/de\/wp-json\/wp\/v2\/comments?post=58506"}],"wp:featuredmedia":[{"embeddable":true,"href":"https:\/\/trailerpartsplaza.com\/de\/wp-json\/wp\/v2\/media\/57473"}],"wp:attachment":[{"href":"https:\/\/trailerpartsplaza.com\/de\/wp-json\/wp\/v2\/media?parent=58506"}],"wp:term":[{"taxonomy":"product_brand","embeddable":true,"href":"https:\/\/trailerpartsplaza.com\/de\/wp-json\/wp\/v2\/product_brand?post=58506"},{"taxonomy":"product_cat","embeddable":true,"href":"https:\/\/trailerpartsplaza.com\/de\/wp-json\/wp\/v2\/product_cat?post=58506"},{"taxonomy":"product_tag","embeddable":true,"href":"https:\/\/trailerpartsplaza.com\/de\/wp-json\/wp\/v2\/product_tag?post=58506"}],"curies":[{"name":"wp","href":"https:\/\/api.w.org\/{rel}","templated":true}]}}