{"id":58512,"date":"2025-04-01T13:40:24","date_gmt":"2025-04-01T13:40:24","guid":{"rendered":"https:\/\/trailerpartsplaza.com\/product\/gleitstangenbuchse-506466220-mm-zaf1-5-2-1-6-3-2-0-2\/"},"modified":"2025-04-01T13:40:24","modified_gmt":"2025-04-01T13:40:24","slug":"gleitstangenbuchse-506466220-mm-zaf1-5-2-1-6-3-2-0-2","status":"publish","type":"product","link":"https:\/\/trailerpartsplaza.com\/de\/produkt\/gleitstangenbuchse-506466220-mm-zaf1-5-2-1-6-3-2-0-2\/","title":{"rendered":"Gleitstangenbuchse 50*(64*66)*220 mm. Zaf1.5-2\/1.6-3\/2.0-2"},"content":{"rendered":"","protected":false},"excerpt":{"rendered":"<p>Mit der Gleitstangenbuchse 50*(64*66)*220 mm. zaf1.5-2\/1.6-3\/2.0-2 k\u00f6nnen Sie Ihren Anh\u00e4nger oder Trailer leicht verbessern. Sowohl f\u00fcr leichte als auch f\u00fcr schwerere Anwendungen geeignet. Ideal f\u00fcr Anh\u00e4nger, Wohnwagen und andere Transportmittel. M\u00f6chten Sie weitere Informationen zu diesem Produkt? Dann nehmen Sie Kontakt mit uns auf!     <\/p>\n","protected":false},"featured_media":56880,"comment_status":"open","ping_status":"closed","template":"","meta":{"_joinchat":[]},"product_brand":[],"product_cat":[928,926,900],"product_tag":[],"class_list":{"0":"post-58512","1":"product","2":"type-product","3":"status-publish","4":"has-post-thumbnail","6":"product_cat-andere-artikel-uber-bremsen","7":"product_cat-teile-der-bremse","8":"product_cat-teile-fur-achsen-rader-und-bremsen","11":"first","12":"instock","13":"taxable","14":"shipping-taxable","15":"purchasable","16":"product-type-simple"},"_links":{"self":[{"href":"https:\/\/trailerpartsplaza.com\/de\/wp-json\/wp\/v2\/product\/58512"}],"collection":[{"href":"https:\/\/trailerpartsplaza.com\/de\/wp-json\/wp\/v2\/product"}],"about":[{"href":"https:\/\/trailerpartsplaza.com\/de\/wp-json\/wp\/v2\/types\/product"}],"replies":[{"embeddable":true,"href":"https:\/\/trailerpartsplaza.com\/de\/wp-json\/wp\/v2\/comments?post=58512"}],"wp:featuredmedia":[{"embeddable":true,"href":"https:\/\/trailerpartsplaza.com\/de\/wp-json\/wp\/v2\/media\/56880"}],"wp:attachment":[{"href":"https:\/\/trailerpartsplaza.com\/de\/wp-json\/wp\/v2\/media?parent=58512"}],"wp:term":[{"taxonomy":"product_brand","embeddable":true,"href":"https:\/\/trailerpartsplaza.com\/de\/wp-json\/wp\/v2\/product_brand?post=58512"},{"taxonomy":"product_cat","embeddable":true,"href":"https:\/\/trailerpartsplaza.com\/de\/wp-json\/wp\/v2\/product_cat?post=58512"},{"taxonomy":"product_tag","embeddable":true,"href":"https:\/\/trailerpartsplaza.com\/de\/wp-json\/wp\/v2\/product_tag?post=58512"}],"curies":[{"name":"wp","href":"https:\/\/api.w.org\/{rel}","templated":true}]}}