{"id":58527,"date":"2025-04-01T13:40:23","date_gmt":"2025-04-01T13:40:23","guid":{"rendered":"https:\/\/trailerpartsplaza.com\/product\/buchse-bpw-peitz-zaf-pav-1-3-2-0\/"},"modified":"2025-04-01T13:40:23","modified_gmt":"2025-04-01T13:40:23","slug":"buchse-bpw-peitz-zaf-pav-1-3-2-0","status":"publish","type":"product","link":"https:\/\/trailerpartsplaza.com\/de\/produkt\/buchse-bpw-peitz-zaf-pav-1-3-2-0\/","title":{"rendered":"Buchse BPW\/Peitz zaf\/ pav 1.3-2.0"},"content":{"rendered":"","protected":false},"excerpt":{"rendered":"<p>R\u00fcsten Sie Ihr Fahrzeug mit der Gleitschiene bpw\/peitz zaf\/ pav 1.3-2.0 f\u00fcr eine solide und stabile Basis auf. Perfekt auf die g\u00e4ngigen Fahrzeugspezifikationen abgestimmt. Entwickelt f\u00fcr Langlebigkeit und Benutzerfreundlichkeit. M\u00f6chten Sie weitere Informationen zu diesem Produkt? Dann nehmen Sie Kontakt mit uns auf!    <\/p>\n","protected":false},"featured_media":56874,"comment_status":"open","ping_status":"closed","template":"","meta":{"_joinchat":[]},"product_brand":[],"product_cat":[928,926,900],"product_tag":[],"class_list":{"0":"post-58527","1":"product","2":"type-product","3":"status-publish","4":"has-post-thumbnail","6":"product_cat-andere-artikel-uber-bremsen","7":"product_cat-teile-der-bremse","8":"product_cat-teile-fur-achsen-rader-und-bremsen","11":"first","12":"instock","13":"taxable","14":"shipping-taxable","15":"purchasable","16":"product-type-simple"},"_links":{"self":[{"href":"https:\/\/trailerpartsplaza.com\/de\/wp-json\/wp\/v2\/product\/58527"}],"collection":[{"href":"https:\/\/trailerpartsplaza.com\/de\/wp-json\/wp\/v2\/product"}],"about":[{"href":"https:\/\/trailerpartsplaza.com\/de\/wp-json\/wp\/v2\/types\/product"}],"replies":[{"embeddable":true,"href":"https:\/\/trailerpartsplaza.com\/de\/wp-json\/wp\/v2\/comments?post=58527"}],"wp:featuredmedia":[{"embeddable":true,"href":"https:\/\/trailerpartsplaza.com\/de\/wp-json\/wp\/v2\/media\/56874"}],"wp:attachment":[{"href":"https:\/\/trailerpartsplaza.com\/de\/wp-json\/wp\/v2\/media?parent=58527"}],"wp:term":[{"taxonomy":"product_brand","embeddable":true,"href":"https:\/\/trailerpartsplaza.com\/de\/wp-json\/wp\/v2\/product_brand?post=58527"},{"taxonomy":"product_cat","embeddable":true,"href":"https:\/\/trailerpartsplaza.com\/de\/wp-json\/wp\/v2\/product_cat?post=58527"},{"taxonomy":"product_tag","embeddable":true,"href":"https:\/\/trailerpartsplaza.com\/de\/wp-json\/wp\/v2\/product_tag?post=58527"}],"curies":[{"name":"wp","href":"https:\/\/api.w.org\/{rel}","templated":true}]}}