{"id":58578,"date":"2025-04-01T13:40:06","date_gmt":"2025-04-01T13:40:06","guid":{"rendered":"https:\/\/trailerpartsplaza.com\/product\/radlagersatz-universal-30204-302006\/"},"modified":"2025-04-01T13:40:06","modified_gmt":"2025-04-01T13:40:06","slug":"radlagersatz-universal-30204-302006","status":"publish","type":"product","link":"https:\/\/trailerpartsplaza.com\/de\/produkt\/radlagersatz-universal-30204-302006\/","title":{"rendered":"Radlagersatz Universal 30204-302006"},"content":{"rendered":"","protected":false},"excerpt":{"rendered":"<p>Der Radlagersatz Universal 30204-302006 ist f\u00fcr zuverl\u00e4ssige Leistung und Langlebigkeit ausgelegt. Die Kombination aus Robustheit und Funktionalit\u00e4t macht ihn zu einer zuverl\u00e4ssigen L\u00f6sung. Bitte kontaktieren Sie uns f\u00fcr weitere Informationen zu diesem Produkt. M\u00f6chten Sie weitere Informationen zu diesem Produkt? Dann nehmen Sie Kontakt mit uns auf!    <\/p>\n","protected":false},"featured_media":56865,"comment_status":"open","ping_status":"closed","template":"","meta":{"_joinchat":[]},"product_brand":[],"product_cat":[930,926,900],"product_tag":[],"class_list":{"0":"post-58578","1":"product","2":"type-product","3":"status-publish","4":"has-post-thumbnail","6":"product_cat-lager","7":"product_cat-teile-der-bremse","8":"product_cat-teile-fur-achsen-rader-und-bremsen","11":"first","12":"instock","13":"taxable","14":"shipping-taxable","15":"purchasable","16":"product-type-simple"},"_links":{"self":[{"href":"https:\/\/trailerpartsplaza.com\/de\/wp-json\/wp\/v2\/product\/58578"}],"collection":[{"href":"https:\/\/trailerpartsplaza.com\/de\/wp-json\/wp\/v2\/product"}],"about":[{"href":"https:\/\/trailerpartsplaza.com\/de\/wp-json\/wp\/v2\/types\/product"}],"replies":[{"embeddable":true,"href":"https:\/\/trailerpartsplaza.com\/de\/wp-json\/wp\/v2\/comments?post=58578"}],"wp:featuredmedia":[{"embeddable":true,"href":"https:\/\/trailerpartsplaza.com\/de\/wp-json\/wp\/v2\/media\/56865"}],"wp:attachment":[{"href":"https:\/\/trailerpartsplaza.com\/de\/wp-json\/wp\/v2\/media?parent=58578"}],"wp:term":[{"taxonomy":"product_brand","embeddable":true,"href":"https:\/\/trailerpartsplaza.com\/de\/wp-json\/wp\/v2\/product_brand?post=58578"},{"taxonomy":"product_cat","embeddable":true,"href":"https:\/\/trailerpartsplaza.com\/de\/wp-json\/wp\/v2\/product_cat?post=58578"},{"taxonomy":"product_tag","embeddable":true,"href":"https:\/\/trailerpartsplaza.com\/de\/wp-json\/wp\/v2\/product_tag?post=58578"}],"curies":[{"name":"wp","href":"https:\/\/api.w.org\/{rel}","templated":true}]}}