{"id":58579,"date":"2025-04-01T13:40:02","date_gmt":"2025-04-01T13:40:02","guid":{"rendered":"https:\/\/trailerpartsplaza.com\/product\/kompakter-lagersatz-universal-39-72x37mm\/"},"modified":"2025-04-01T13:40:02","modified_gmt":"2025-04-01T13:40:02","slug":"kompakter-lagersatz-universal-39-72x37mm","status":"publish","type":"product","link":"https:\/\/trailerpartsplaza.com\/de\/produkt\/kompakter-lagersatz-universal-39-72x37mm\/","title":{"rendered":"Kompakter Lagersatz Universal 39\/72x37mm"},"content":{"rendered":"","protected":false},"excerpt":{"rendered":"<p>F\u00fcr den intensiven Gebrauch ist der kompakte Lagersatz universal 39\/72x37mm eine ausgezeichnete Wahl. Sowohl f\u00fcr leichte als auch f\u00fcr schwerere Anwendungen geeignet. Entwickelt f\u00fcr lange Lebensdauer und einfache Anwendung. M\u00f6chten Sie weitere Informationen zu diesem Produkt? Dann nehmen Sie Kontakt mit uns auf!    <\/p>\n","protected":false},"featured_media":56853,"comment_status":"open","ping_status":"closed","template":"","meta":{"_joinchat":[]},"product_brand":[],"product_cat":[930,926,900],"product_tag":[],"class_list":{"0":"post-58579","1":"product","2":"type-product","3":"status-publish","4":"has-post-thumbnail","6":"product_cat-lager","7":"product_cat-teile-der-bremse","8":"product_cat-teile-fur-achsen-rader-und-bremsen","11":"first","12":"instock","13":"taxable","14":"shipping-taxable","15":"purchasable","16":"product-type-simple"},"_links":{"self":[{"href":"https:\/\/trailerpartsplaza.com\/de\/wp-json\/wp\/v2\/product\/58579"}],"collection":[{"href":"https:\/\/trailerpartsplaza.com\/de\/wp-json\/wp\/v2\/product"}],"about":[{"href":"https:\/\/trailerpartsplaza.com\/de\/wp-json\/wp\/v2\/types\/product"}],"replies":[{"embeddable":true,"href":"https:\/\/trailerpartsplaza.com\/de\/wp-json\/wp\/v2\/comments?post=58579"}],"wp:featuredmedia":[{"embeddable":true,"href":"https:\/\/trailerpartsplaza.com\/de\/wp-json\/wp\/v2\/media\/56853"}],"wp:attachment":[{"href":"https:\/\/trailerpartsplaza.com\/de\/wp-json\/wp\/v2\/media?parent=58579"}],"wp:term":[{"taxonomy":"product_brand","embeddable":true,"href":"https:\/\/trailerpartsplaza.com\/de\/wp-json\/wp\/v2\/product_brand?post=58579"},{"taxonomy":"product_cat","embeddable":true,"href":"https:\/\/trailerpartsplaza.com\/de\/wp-json\/wp\/v2\/product_cat?post=58579"},{"taxonomy":"product_tag","embeddable":true,"href":"https:\/\/trailerpartsplaza.com\/de\/wp-json\/wp\/v2\/product_tag?post=58579"}],"curies":[{"name":"wp","href":"https:\/\/api.w.org\/{rel}","templated":true}]}}