{"id":58580,"date":"2025-04-01T13:40:00","date_gmt":"2025-04-01T13:40:00","guid":{"rendered":"https:\/\/trailerpartsplaza.com\/product\/kompakter-lagersatz-alko-160x35-30-60x37mm\/"},"modified":"2025-04-01T13:40:00","modified_gmt":"2025-04-01T13:40:00","slug":"kompakter-lagersatz-alko-160x35-30-60x37mm","status":"publish","type":"product","link":"https:\/\/trailerpartsplaza.com\/de\/produkt\/kompakter-lagersatz-alko-160x35-30-60x37mm\/","title":{"rendered":"Kompakter Lagersatz ALKO 160&#215;35 30\/60x37mm"},"content":{"rendered":"","protected":false},"excerpt":{"rendered":"<p>Der kompakte Lagersatz alko 160&#215;35 30\/60x37mm bietet robuste Unterst\u00fctzung f\u00fcr eine Vielzahl von Anwendungen. Sowohl f\u00fcr leichte als auch f\u00fcr schwerere Anwendungen geeignet. Ein h\u00e4ufig gew\u00e4hltes Teil unter professionellen Anwendern. M\u00f6chten Sie weitere Informationen zu diesem Produkt? Dann nehmen Sie Kontakt mit uns auf!    <\/p>\n","protected":false},"featured_media":57455,"comment_status":"open","ping_status":"closed","template":"","meta":{"_joinchat":[]},"product_brand":[],"product_cat":[930,926,900],"product_tag":[],"class_list":{"0":"post-58580","1":"product","2":"type-product","3":"status-publish","4":"has-post-thumbnail","6":"product_cat-lager","7":"product_cat-teile-der-bremse","8":"product_cat-teile-fur-achsen-rader-und-bremsen","11":"first","12":"instock","13":"taxable","14":"shipping-taxable","15":"purchasable","16":"product-type-simple"},"_links":{"self":[{"href":"https:\/\/trailerpartsplaza.com\/de\/wp-json\/wp\/v2\/product\/58580"}],"collection":[{"href":"https:\/\/trailerpartsplaza.com\/de\/wp-json\/wp\/v2\/product"}],"about":[{"href":"https:\/\/trailerpartsplaza.com\/de\/wp-json\/wp\/v2\/types\/product"}],"replies":[{"embeddable":true,"href":"https:\/\/trailerpartsplaza.com\/de\/wp-json\/wp\/v2\/comments?post=58580"}],"wp:featuredmedia":[{"embeddable":true,"href":"https:\/\/trailerpartsplaza.com\/de\/wp-json\/wp\/v2\/media\/57455"}],"wp:attachment":[{"href":"https:\/\/trailerpartsplaza.com\/de\/wp-json\/wp\/v2\/media?parent=58580"}],"wp:term":[{"taxonomy":"product_brand","embeddable":true,"href":"https:\/\/trailerpartsplaza.com\/de\/wp-json\/wp\/v2\/product_brand?post=58580"},{"taxonomy":"product_cat","embeddable":true,"href":"https:\/\/trailerpartsplaza.com\/de\/wp-json\/wp\/v2\/product_cat?post=58580"},{"taxonomy":"product_tag","embeddable":true,"href":"https:\/\/trailerpartsplaza.com\/de\/wp-json\/wp\/v2\/product_tag?post=58580"}],"curies":[{"name":"wp","href":"https:\/\/api.w.org\/{rel}","templated":true}]}}