{"id":58602,"date":"2025-04-01T13:39:56","date_gmt":"2025-04-01T13:39:56","guid":{"rendered":"https:\/\/trailerpartsplaza.com\/product\/siegel-38527-mm\/"},"modified":"2025-04-01T13:39:56","modified_gmt":"2025-04-01T13:39:56","slug":"siegel-38527-mm","status":"publish","type":"product","link":"https:\/\/trailerpartsplaza.com\/de\/produkt\/siegel-38527-mm\/","title":{"rendered":"Siegel 38*52*7 mm."},"content":{"rendered":"","protected":false},"excerpt":{"rendered":"<p>F\u00fcr den intensiven Gebrauch ist der 38*52*7 mm gro\u00dfe Sicherungsring eine ausgezeichnete Wahl. Perfekt auf die g\u00e4ngigen Fahrzeugspezifikationen abgestimmt. F\u00fcr alle, die Qualit\u00e4t und Komfort in einem Teil suchen. M\u00f6chten Sie weitere Informationen zu diesem Produkt? Dann nehmen Sie Kontakt mit uns auf!     <\/p>\n","protected":false},"featured_media":57452,"comment_status":"open","ping_status":"closed","template":"","meta":{"_joinchat":[]},"product_brand":[],"product_cat":[930,926,900],"product_tag":[],"class_list":{"0":"post-58602","1":"product","2":"type-product","3":"status-publish","4":"has-post-thumbnail","6":"product_cat-lager","7":"product_cat-teile-der-bremse","8":"product_cat-teile-fur-achsen-rader-und-bremsen","11":"first","12":"instock","13":"taxable","14":"shipping-taxable","15":"purchasable","16":"product-type-simple"},"_links":{"self":[{"href":"https:\/\/trailerpartsplaza.com\/de\/wp-json\/wp\/v2\/product\/58602"}],"collection":[{"href":"https:\/\/trailerpartsplaza.com\/de\/wp-json\/wp\/v2\/product"}],"about":[{"href":"https:\/\/trailerpartsplaza.com\/de\/wp-json\/wp\/v2\/types\/product"}],"replies":[{"embeddable":true,"href":"https:\/\/trailerpartsplaza.com\/de\/wp-json\/wp\/v2\/comments?post=58602"}],"wp:featuredmedia":[{"embeddable":true,"href":"https:\/\/trailerpartsplaza.com\/de\/wp-json\/wp\/v2\/media\/57452"}],"wp:attachment":[{"href":"https:\/\/trailerpartsplaza.com\/de\/wp-json\/wp\/v2\/media?parent=58602"}],"wp:term":[{"taxonomy":"product_brand","embeddable":true,"href":"https:\/\/trailerpartsplaza.com\/de\/wp-json\/wp\/v2\/product_brand?post=58602"},{"taxonomy":"product_cat","embeddable":true,"href":"https:\/\/trailerpartsplaza.com\/de\/wp-json\/wp\/v2\/product_cat?post=58602"},{"taxonomy":"product_tag","embeddable":true,"href":"https:\/\/trailerpartsplaza.com\/de\/wp-json\/wp\/v2\/product_tag?post=58602"}],"curies":[{"name":"wp","href":"https:\/\/api.w.org\/{rel}","templated":true}]}}