{"id":58603,"date":"2025-04-01T13:40:00","date_gmt":"2025-04-01T13:40:00","guid":{"rendered":"https:\/\/trailerpartsplaza.com\/product\/kompakter-lagersatz-universal-34-64x37mm\/"},"modified":"2025-04-01T13:40:00","modified_gmt":"2025-04-01T13:40:00","slug":"kompakter-lagersatz-universal-34-64x37mm","status":"publish","type":"product","link":"https:\/\/trailerpartsplaza.com\/de\/produkt\/kompakter-lagersatz-universal-34-64x37mm\/","title":{"rendered":"Kompakter Lagersatz Universal 34\/64x37mm"},"content":{"rendered":"","protected":false},"excerpt":{"rendered":"<p>R\u00fcsten Sie Ihr Fahrzeug mit dem kompakten Lagersatz universal 34\/64x37mm f\u00fcr eine solide und stabile Basis auf. Die Kombination aus Solidit\u00e4t und Funktionalit\u00e4t macht dieses Set zu einer zuverl\u00e4ssigen L\u00f6sung. Entwickelt f\u00fcr lange Lebensdauer und einfache Anwendung. M\u00f6chten Sie weitere Informationen zu diesem Produkt? Dann nehmen Sie Kontakt mit uns auf!    <\/p>\n","protected":false},"featured_media":56850,"comment_status":"open","ping_status":"closed","template":"","meta":{"_joinchat":[]},"product_brand":[],"product_cat":[930,926,900],"product_tag":[],"class_list":{"0":"post-58603","1":"product","2":"type-product","3":"status-publish","4":"has-post-thumbnail","6":"product_cat-lager","7":"product_cat-teile-der-bremse","8":"product_cat-teile-fur-achsen-rader-und-bremsen","11":"first","12":"instock","13":"taxable","14":"shipping-taxable","15":"purchasable","16":"product-type-simple"},"_links":{"self":[{"href":"https:\/\/trailerpartsplaza.com\/de\/wp-json\/wp\/v2\/product\/58603"}],"collection":[{"href":"https:\/\/trailerpartsplaza.com\/de\/wp-json\/wp\/v2\/product"}],"about":[{"href":"https:\/\/trailerpartsplaza.com\/de\/wp-json\/wp\/v2\/types\/product"}],"replies":[{"embeddable":true,"href":"https:\/\/trailerpartsplaza.com\/de\/wp-json\/wp\/v2\/comments?post=58603"}],"wp:featuredmedia":[{"embeddable":true,"href":"https:\/\/trailerpartsplaza.com\/de\/wp-json\/wp\/v2\/media\/56850"}],"wp:attachment":[{"href":"https:\/\/trailerpartsplaza.com\/de\/wp-json\/wp\/v2\/media?parent=58603"}],"wp:term":[{"taxonomy":"product_brand","embeddable":true,"href":"https:\/\/trailerpartsplaza.com\/de\/wp-json\/wp\/v2\/product_brand?post=58603"},{"taxonomy":"product_cat","embeddable":true,"href":"https:\/\/trailerpartsplaza.com\/de\/wp-json\/wp\/v2\/product_cat?post=58603"},{"taxonomy":"product_tag","embeddable":true,"href":"https:\/\/trailerpartsplaza.com\/de\/wp-json\/wp\/v2\/product_tag?post=58603"}],"curies":[{"name":"wp","href":"https:\/\/api.w.org\/{rel}","templated":true}]}}