{"id":58605,"date":"2025-04-01T13:39:30","date_gmt":"2025-04-01T13:39:30","guid":{"rendered":"https:\/\/trailerpartsplaza.com\/product\/bremsbackensatz-peitz-r234-76-230x40mm-09-801-03-76-0\/"},"modified":"2025-04-01T13:39:30","modified_gmt":"2025-04-01T13:39:30","slug":"bremsbackensatz-peitz-r234-76-230x40mm-09-801-03-76-0","status":"publish","type":"product","link":"https:\/\/trailerpartsplaza.com\/de\/produkt\/bremsbackensatz-peitz-r234-76-230x40mm-09-801-03-76-0\/","title":{"rendered":"Bremsbackensatz Peitz R234-76 230x40mm 09.801.03.76.0"},"content":{"rendered":"","protected":false},"excerpt":{"rendered":"<p>F\u00fcr den intensiven Gebrauch ist der Bremsbackensatz peitz r234-76 230x40mm 09.801.03.76.0 eine ausgezeichnete Wahl. Dank seiner intelligenten Konstruktion und Abmessungen ist die Montage einfach. Ein h\u00e4ufig gew\u00e4hltes Teil unter professionellen Anwendern. M\u00f6chten Sie weitere Informationen zu diesem Produkt? Dann nehmen Sie Kontakt mit uns auf!    <\/p>\n","protected":false},"featured_media":56829,"comment_status":"open","ping_status":"closed","template":"","meta":{"_joinchat":[]},"product_brand":[],"product_cat":[932,926,900],"product_tag":[],"class_list":{"0":"post-58605","1":"product","2":"type-product","3":"status-publish","4":"has-post-thumbnail","6":"product_cat-bremsbacken","7":"product_cat-teile-der-bremse","8":"product_cat-teile-fur-achsen-rader-und-bremsen","11":"first","12":"instock","13":"taxable","14":"shipping-taxable","15":"purchasable","16":"product-type-simple"},"_links":{"self":[{"href":"https:\/\/trailerpartsplaza.com\/de\/wp-json\/wp\/v2\/product\/58605"}],"collection":[{"href":"https:\/\/trailerpartsplaza.com\/de\/wp-json\/wp\/v2\/product"}],"about":[{"href":"https:\/\/trailerpartsplaza.com\/de\/wp-json\/wp\/v2\/types\/product"}],"replies":[{"embeddable":true,"href":"https:\/\/trailerpartsplaza.com\/de\/wp-json\/wp\/v2\/comments?post=58605"}],"wp:featuredmedia":[{"embeddable":true,"href":"https:\/\/trailerpartsplaza.com\/de\/wp-json\/wp\/v2\/media\/56829"}],"wp:attachment":[{"href":"https:\/\/trailerpartsplaza.com\/de\/wp-json\/wp\/v2\/media?parent=58605"}],"wp:term":[{"taxonomy":"product_brand","embeddable":true,"href":"https:\/\/trailerpartsplaza.com\/de\/wp-json\/wp\/v2\/product_brand?post=58605"},{"taxonomy":"product_cat","embeddable":true,"href":"https:\/\/trailerpartsplaza.com\/de\/wp-json\/wp\/v2\/product_cat?post=58605"},{"taxonomy":"product_tag","embeddable":true,"href":"https:\/\/trailerpartsplaza.com\/de\/wp-json\/wp\/v2\/product_tag?post=58605"}],"curies":[{"name":"wp","href":"https:\/\/api.w.org\/{rel}","templated":true}]}}