{"id":58619,"date":"2025-04-01T13:39:33","date_gmt":"2025-04-01T13:39:33","guid":{"rendered":"https:\/\/trailerpartsplaza.com\/product\/bremssatz-fuer-knott-16035-20030-20050-203-240\/"},"modified":"2025-04-01T13:39:33","modified_gmt":"2025-04-01T13:39:33","slug":"bremssatz-fuer-knott-16035-20030-20050-203-240","status":"publish","type":"product","link":"https:\/\/trailerpartsplaza.com\/de\/produkt\/bremssatz-fuer-knott-16035-20030-20050-203-240\/","title":{"rendered":"Bremssatz f\u00fcr Knott 160*35\/200*30\/200*50\/203.2*40"},"content":{"rendered":"","protected":false},"excerpt":{"rendered":"<p>Das Bremsset f\u00fcr Knott 160*35\/200*30\/200*50\/203.2*40 ist f\u00fcr zuverl\u00e4ssige Leistung und Langlebigkeit ausgelegt. Perfekt auf die g\u00e4ngigen Fahrzeugspezifikationen abgestimmt. Bitte kontaktieren Sie uns f\u00fcr weitere Informationen zu diesem Produkt. M\u00f6chten Sie weitere Informationen zu diesem Produkt? Dann nehmen Sie Kontakt mit uns auf!    <\/p>\n","protected":false},"featured_media":58096,"comment_status":"open","ping_status":"closed","template":"","meta":{"_joinchat":[]},"product_brand":[],"product_cat":[932,926,900],"product_tag":[],"class_list":{"0":"post-58619","1":"product","2":"type-product","3":"status-publish","4":"has-post-thumbnail","6":"product_cat-bremsbacken","7":"product_cat-teile-der-bremse","8":"product_cat-teile-fur-achsen-rader-und-bremsen","11":"first","12":"instock","13":"taxable","14":"shipping-taxable","15":"purchasable","16":"product-type-simple"},"_links":{"self":[{"href":"https:\/\/trailerpartsplaza.com\/de\/wp-json\/wp\/v2\/product\/58619"}],"collection":[{"href":"https:\/\/trailerpartsplaza.com\/de\/wp-json\/wp\/v2\/product"}],"about":[{"href":"https:\/\/trailerpartsplaza.com\/de\/wp-json\/wp\/v2\/types\/product"}],"replies":[{"embeddable":true,"href":"https:\/\/trailerpartsplaza.com\/de\/wp-json\/wp\/v2\/comments?post=58619"}],"wp:featuredmedia":[{"embeddable":true,"href":"https:\/\/trailerpartsplaza.com\/de\/wp-json\/wp\/v2\/media\/58096"}],"wp:attachment":[{"href":"https:\/\/trailerpartsplaza.com\/de\/wp-json\/wp\/v2\/media?parent=58619"}],"wp:term":[{"taxonomy":"product_brand","embeddable":true,"href":"https:\/\/trailerpartsplaza.com\/de\/wp-json\/wp\/v2\/product_brand?post=58619"},{"taxonomy":"product_cat","embeddable":true,"href":"https:\/\/trailerpartsplaza.com\/de\/wp-json\/wp\/v2\/product_cat?post=58619"},{"taxonomy":"product_tag","embeddable":true,"href":"https:\/\/trailerpartsplaza.com\/de\/wp-json\/wp\/v2\/product_tag?post=58619"}],"curies":[{"name":"wp","href":"https:\/\/api.w.org\/{rel}","templated":true}]}}