{"id":58660,"date":"2025-04-01T13:39:05","date_gmt":"2025-04-01T13:39:05","guid":{"rendered":"https:\/\/trailerpartsplaza.com\/product\/bremszug-830-1020mm-buchse-22mm-und-kugelkopf-knott\/"},"modified":"2025-04-01T13:39:05","modified_gmt":"2025-04-01T13:39:05","slug":"bremszug-830-1020mm-buchse-22mm-und-kugelkopf-knott","status":"publish","type":"product","link":"https:\/\/trailerpartsplaza.com\/de\/produkt\/bremszug-830-1020mm-buchse-22mm-und-kugelkopf-knott\/","title":{"rendered":"Bremszug 830\/1020mm.Buchse 22mm.und Kugelkopf. Knott"},"content":{"rendered":"","protected":false},"excerpt":{"rendered":"<p>Mit dem Bremskabel 830\/1020mm.Buchse 22mm.und Kugelkopfknopf k\u00f6nnen Sie Ihren Anh\u00e4nger oder Trailer leicht verbessern. Perfekt auf die g\u00e4ngigen Fahrzeugspezifikationen abgestimmt. Ein h\u00e4ufig von professionellen Anwendern gew\u00e4hltes Teil. M\u00f6chten Sie weitere Informationen zu diesem Produkt? Dann nehmen Sie Kontakt mit uns auf!     <\/p>\n","protected":false},"featured_media":57437,"comment_status":"open","ping_status":"closed","template":"","meta":{"_joinchat":[]},"product_brand":[],"product_cat":[937,926,900],"product_tag":[],"class_list":{"0":"post-58660","1":"product","2":"type-product","3":"status-publish","4":"has-post-thumbnail","6":"product_cat-bremskabel","7":"product_cat-teile-der-bremse","8":"product_cat-teile-fur-achsen-rader-und-bremsen","11":"first","12":"outofstock","13":"taxable","14":"shipping-taxable","15":"purchasable","16":"product-type-simple"},"_links":{"self":[{"href":"https:\/\/trailerpartsplaza.com\/de\/wp-json\/wp\/v2\/product\/58660"}],"collection":[{"href":"https:\/\/trailerpartsplaza.com\/de\/wp-json\/wp\/v2\/product"}],"about":[{"href":"https:\/\/trailerpartsplaza.com\/de\/wp-json\/wp\/v2\/types\/product"}],"replies":[{"embeddable":true,"href":"https:\/\/trailerpartsplaza.com\/de\/wp-json\/wp\/v2\/comments?post=58660"}],"wp:featuredmedia":[{"embeddable":true,"href":"https:\/\/trailerpartsplaza.com\/de\/wp-json\/wp\/v2\/media\/57437"}],"wp:attachment":[{"href":"https:\/\/trailerpartsplaza.com\/de\/wp-json\/wp\/v2\/media?parent=58660"}],"wp:term":[{"taxonomy":"product_brand","embeddable":true,"href":"https:\/\/trailerpartsplaza.com\/de\/wp-json\/wp\/v2\/product_brand?post=58660"},{"taxonomy":"product_cat","embeddable":true,"href":"https:\/\/trailerpartsplaza.com\/de\/wp-json\/wp\/v2\/product_cat?post=58660"},{"taxonomy":"product_tag","embeddable":true,"href":"https:\/\/trailerpartsplaza.com\/de\/wp-json\/wp\/v2\/product_tag?post=58660"}],"curies":[{"name":"wp","href":"https:\/\/api.w.org\/{rel}","templated":true}]}}