{"id":58685,"date":"2025-04-01T13:39:16","date_gmt":"2025-04-01T13:39:16","guid":{"rendered":"https:\/\/trailerpartsplaza.com\/product\/bremsbacken-kompletter-satz-fuer-alko-200x50mm-1213889\/"},"modified":"2025-04-01T13:39:16","modified_gmt":"2025-04-01T13:39:16","slug":"bremsbacken-kompletter-satz-fuer-alko-200x50mm-1213889","status":"publish","type":"product","link":"https:\/\/trailerpartsplaza.com\/de\/produkt\/bremsbacken-kompletter-satz-fuer-alko-200x50mm-1213889\/","title":{"rendered":"Bremsbacken kompletter Satz f\u00fcr Alko, 200x50mm, 1213889"},"content":{"rendered":"","protected":false},"excerpt":{"rendered":"<p>F\u00fcr den intensiven Gebrauch ist das Bremsbacken-Komplettset f\u00fcr alko, 200x50mm, 1213889 eine ausgezeichnete Wahl. Sowohl f\u00fcr leichte als auch f\u00fcr schwerere Anwendungen geeignet. Bitte kontaktieren Sie uns f\u00fcr weitere Informationen zu diesem Produkt. M\u00f6chten Sie weitere Informationen zu diesem Produkt? Dann kontaktieren Sie uns bitte!    <\/p>\n","protected":false},"featured_media":58090,"comment_status":"open","ping_status":"closed","template":"","meta":{"_joinchat":[]},"product_brand":[],"product_cat":[932,926,900],"product_tag":[],"class_list":{"0":"post-58685","1":"product","2":"type-product","3":"status-publish","4":"has-post-thumbnail","6":"product_cat-bremsbacken","7":"product_cat-teile-der-bremse","8":"product_cat-teile-fur-achsen-rader-und-bremsen","11":"first","12":"instock","13":"taxable","14":"shipping-taxable","15":"purchasable","16":"product-type-simple"},"_links":{"self":[{"href":"https:\/\/trailerpartsplaza.com\/de\/wp-json\/wp\/v2\/product\/58685"}],"collection":[{"href":"https:\/\/trailerpartsplaza.com\/de\/wp-json\/wp\/v2\/product"}],"about":[{"href":"https:\/\/trailerpartsplaza.com\/de\/wp-json\/wp\/v2\/types\/product"}],"replies":[{"embeddable":true,"href":"https:\/\/trailerpartsplaza.com\/de\/wp-json\/wp\/v2\/comments?post=58685"}],"wp:featuredmedia":[{"embeddable":true,"href":"https:\/\/trailerpartsplaza.com\/de\/wp-json\/wp\/v2\/media\/58090"}],"wp:attachment":[{"href":"https:\/\/trailerpartsplaza.com\/de\/wp-json\/wp\/v2\/media?parent=58685"}],"wp:term":[{"taxonomy":"product_brand","embeddable":true,"href":"https:\/\/trailerpartsplaza.com\/de\/wp-json\/wp\/v2\/product_brand?post=58685"},{"taxonomy":"product_cat","embeddable":true,"href":"https:\/\/trailerpartsplaza.com\/de\/wp-json\/wp\/v2\/product_cat?post=58685"},{"taxonomy":"product_tag","embeddable":true,"href":"https:\/\/trailerpartsplaza.com\/de\/wp-json\/wp\/v2\/product_tag?post=58685"}],"curies":[{"name":"wp","href":"https:\/\/api.w.org\/{rel}","templated":true}]}}