{"id":58689,"date":"2025-04-01T13:39:15","date_gmt":"2025-04-01T13:39:15","guid":{"rendered":"https:\/\/trailerpartsplaza.com\/product\/bremsbackensatz-200x35mm-fuer-alko-1220328\/"},"modified":"2025-04-01T13:39:15","modified_gmt":"2025-04-01T13:39:15","slug":"bremsbackensatz-200x35mm-fuer-alko-1220328","status":"publish","type":"product","link":"https:\/\/trailerpartsplaza.com\/de\/produkt\/bremsbackensatz-200x35mm-fuer-alko-1220328\/","title":{"rendered":"Bremsbackensatz 200x35mm f\u00fcr Alko 1220328"},"content":{"rendered":"","protected":false},"excerpt":{"rendered":"<p>Der Bremsbackensatz 200x35mm f\u00fcr alko 1220328 bietet robuste Unterst\u00fctzung f\u00fcr eine Vielzahl von Anwendungen. Perfekt auf die g\u00e4ngigen Fahrzeugspezifikationen abgestimmt. Ideal f\u00fcr Anh\u00e4nger, Wohnwagen und andere Transportmittel. M\u00f6chten Sie weitere Informationen zu diesem Produkt? Dann nehmen Sie Kontakt mit uns auf!    <\/p>\n","protected":false},"featured_media":56811,"comment_status":"open","ping_status":"closed","template":"","meta":{"_joinchat":[]},"product_brand":[],"product_cat":[932,926,900],"product_tag":[],"class_list":{"0":"post-58689","1":"product","2":"type-product","3":"status-publish","4":"has-post-thumbnail","6":"product_cat-bremsbacken","7":"product_cat-teile-der-bremse","8":"product_cat-teile-fur-achsen-rader-und-bremsen","11":"first","12":"instock","13":"taxable","14":"shipping-taxable","15":"purchasable","16":"product-type-simple"},"_links":{"self":[{"href":"https:\/\/trailerpartsplaza.com\/de\/wp-json\/wp\/v2\/product\/58689"}],"collection":[{"href":"https:\/\/trailerpartsplaza.com\/de\/wp-json\/wp\/v2\/product"}],"about":[{"href":"https:\/\/trailerpartsplaza.com\/de\/wp-json\/wp\/v2\/types\/product"}],"replies":[{"embeddable":true,"href":"https:\/\/trailerpartsplaza.com\/de\/wp-json\/wp\/v2\/comments?post=58689"}],"wp:featuredmedia":[{"embeddable":true,"href":"https:\/\/trailerpartsplaza.com\/de\/wp-json\/wp\/v2\/media\/56811"}],"wp:attachment":[{"href":"https:\/\/trailerpartsplaza.com\/de\/wp-json\/wp\/v2\/media?parent=58689"}],"wp:term":[{"taxonomy":"product_brand","embeddable":true,"href":"https:\/\/trailerpartsplaza.com\/de\/wp-json\/wp\/v2\/product_brand?post=58689"},{"taxonomy":"product_cat","embeddable":true,"href":"https:\/\/trailerpartsplaza.com\/de\/wp-json\/wp\/v2\/product_cat?post=58689"},{"taxonomy":"product_tag","embeddable":true,"href":"https:\/\/trailerpartsplaza.com\/de\/wp-json\/wp\/v2\/product_tag?post=58689"}],"curies":[{"name":"wp","href":"https:\/\/api.w.org\/{rel}","templated":true}]}}