{"id":58708,"date":"2025-04-01T13:39:26","date_gmt":"2025-04-01T13:39:26","guid":{"rendered":"https:\/\/trailerpartsplaza.com\/product\/bremsbacken-satz-bpw-2005-7-rask-09-801-03-79-0\/"},"modified":"2025-04-01T13:39:26","modified_gmt":"2025-04-01T13:39:26","slug":"bremsbacken-satz-bpw-2005-7-rask-09-801-03-79-0","status":"publish","type":"product","link":"https:\/\/trailerpartsplaza.com\/de\/produkt\/bremsbacken-satz-bpw-2005-7-rask-09-801-03-79-0\/","title":{"rendered":"Bremsbacken Satz Bpw 2005-7 RASK 09.801.03.79.0"},"content":{"rendered":"","protected":false},"excerpt":{"rendered":"<p>Mit dem Bremsbackensatz bpw 2005-7 rask 09.801.03.79.0 k\u00f6nnen Sie Ihren Anh\u00e4nger oder Trailer leicht verbessern. Diese Ausf\u00fchrung ist aus hochwertigem Material gefertigt und f\u00fcr den t\u00e4glichen Gebrauch geeignet. Bitte kontaktieren Sie uns f\u00fcr weitere Informationen zu diesem Produkt. M\u00f6chten Sie weitere Informationen zu diesem Produkt? Dann nehmen Sie Kontakt mit uns auf!    <\/p>\n","protected":false},"featured_media":56823,"comment_status":"open","ping_status":"closed","template":"","meta":{"_joinchat":[]},"product_brand":[],"product_cat":[932,926,900],"product_tag":[],"class_list":{"0":"post-58708","1":"product","2":"type-product","3":"status-publish","4":"has-post-thumbnail","6":"product_cat-bremsbacken","7":"product_cat-teile-der-bremse","8":"product_cat-teile-fur-achsen-rader-und-bremsen","11":"first","12":"instock","13":"taxable","14":"shipping-taxable","15":"purchasable","16":"product-type-simple"},"_links":{"self":[{"href":"https:\/\/trailerpartsplaza.com\/de\/wp-json\/wp\/v2\/product\/58708"}],"collection":[{"href":"https:\/\/trailerpartsplaza.com\/de\/wp-json\/wp\/v2\/product"}],"about":[{"href":"https:\/\/trailerpartsplaza.com\/de\/wp-json\/wp\/v2\/types\/product"}],"replies":[{"embeddable":true,"href":"https:\/\/trailerpartsplaza.com\/de\/wp-json\/wp\/v2\/comments?post=58708"}],"wp:featuredmedia":[{"embeddable":true,"href":"https:\/\/trailerpartsplaza.com\/de\/wp-json\/wp\/v2\/media\/56823"}],"wp:attachment":[{"href":"https:\/\/trailerpartsplaza.com\/de\/wp-json\/wp\/v2\/media?parent=58708"}],"wp:term":[{"taxonomy":"product_brand","embeddable":true,"href":"https:\/\/trailerpartsplaza.com\/de\/wp-json\/wp\/v2\/product_brand?post=58708"},{"taxonomy":"product_cat","embeddable":true,"href":"https:\/\/trailerpartsplaza.com\/de\/wp-json\/wp\/v2\/product_cat?post=58708"},{"taxonomy":"product_tag","embeddable":true,"href":"https:\/\/trailerpartsplaza.com\/de\/wp-json\/wp\/v2\/product_tag?post=58708"}],"curies":[{"name":"wp","href":"https:\/\/api.w.org\/{rel}","templated":true}]}}