{"id":58713,"date":"2025-04-01T13:38:26","date_gmt":"2025-04-01T13:38:26","guid":{"rendered":"https:\/\/trailerpartsplaza.com\/product\/bremszug-1030-1240mm-buchse-22mm-knott-schlegl-nieper-avonride-bpw\/"},"modified":"2025-04-01T13:38:26","modified_gmt":"2025-04-01T13:38:26","slug":"bremszug-1030-1240mm-buchse-22mm-knott-schlegl-nieper-avonride-bpw","status":"publish","type":"product","link":"https:\/\/trailerpartsplaza.com\/de\/produkt\/bremszug-1030-1240mm-buchse-22mm-knott-schlegl-nieper-avonride-bpw\/","title":{"rendered":"Bremszug 1030\/1240mm.Buchse 22mm.Knott\/Schlegl\/Nieper\/Avonride\/ Bpw"},"content":{"rendered":"","protected":false},"excerpt":{"rendered":"<p>Das Bremskabel 1030\/1240mm.bushing 22mm.knott\/schlegl\/nieper\/avonride\/ bpw ist f\u00fcr zuverl\u00e4ssige Leistung und Langlebigkeit ausgelegt. Perfekt auf die g\u00e4ngigen Fahrzeugspezifikationen abgestimmt. Bitte kontaktieren Sie uns f\u00fcr weitere Informationen zu diesem Produkt. M\u00f6chten Sie weitere Informationen zu diesem Produkt? Dann nehmen Sie Kontakt mit uns auf!    <\/p>\n","protected":false},"featured_media":57422,"comment_status":"open","ping_status":"closed","template":"","meta":{"_joinchat":[]},"product_brand":[],"product_cat":[937,926,900],"product_tag":[],"class_list":{"0":"post-58713","1":"product","2":"type-product","3":"status-publish","4":"has-post-thumbnail","6":"product_cat-bremskabel","7":"product_cat-teile-der-bremse","8":"product_cat-teile-fur-achsen-rader-und-bremsen","11":"first","12":"instock","13":"taxable","14":"shipping-taxable","15":"purchasable","16":"product-type-simple"},"_links":{"self":[{"href":"https:\/\/trailerpartsplaza.com\/de\/wp-json\/wp\/v2\/product\/58713"}],"collection":[{"href":"https:\/\/trailerpartsplaza.com\/de\/wp-json\/wp\/v2\/product"}],"about":[{"href":"https:\/\/trailerpartsplaza.com\/de\/wp-json\/wp\/v2\/types\/product"}],"replies":[{"embeddable":true,"href":"https:\/\/trailerpartsplaza.com\/de\/wp-json\/wp\/v2\/comments?post=58713"}],"wp:featuredmedia":[{"embeddable":true,"href":"https:\/\/trailerpartsplaza.com\/de\/wp-json\/wp\/v2\/media\/57422"}],"wp:attachment":[{"href":"https:\/\/trailerpartsplaza.com\/de\/wp-json\/wp\/v2\/media?parent=58713"}],"wp:term":[{"taxonomy":"product_brand","embeddable":true,"href":"https:\/\/trailerpartsplaza.com\/de\/wp-json\/wp\/v2\/product_brand?post=58713"},{"taxonomy":"product_cat","embeddable":true,"href":"https:\/\/trailerpartsplaza.com\/de\/wp-json\/wp\/v2\/product_cat?post=58713"},{"taxonomy":"product_tag","embeddable":true,"href":"https:\/\/trailerpartsplaza.com\/de\/wp-json\/wp\/v2\/product_tag?post=58713"}],"curies":[{"name":"wp","href":"https:\/\/api.w.org\/{rel}","templated":true}]}}