{"id":58788,"date":"2025-04-01T13:37:26","date_gmt":"2025-04-01T13:37:26","guid":{"rendered":"https:\/\/trailerpartsplaza.com\/product\/wagenheber-32ton-285-bis-465-mm\/"},"modified":"2025-04-01T13:37:26","modified_gmt":"2025-04-01T13:37:26","slug":"wagenheber-32ton-285-bis-465-mm","status":"publish","type":"product","link":"https:\/\/trailerpartsplaza.com\/de\/produkt\/wagenheber-32ton-285-bis-465-mm\/","title":{"rendered":"Wagenheber 32ton, 285 bis 465 mm."},"content":{"rendered":"","protected":false},"excerpt":{"rendered":"<p>Der Topfheber 32ton, 285 bis 465 mm. bietet robuste Unterst\u00fctzung f\u00fcr eine Vielzahl von Anwendungen. Dank seiner intelligenten Konstruktion und Abmessungen ist die Montage einfach. Ideal f\u00fcr Anh\u00e4nger, Wohnwagen und andere Transportmittel. M\u00f6chten Sie weitere Informationen zu diesem Produkt? Dann nehmen Sie Kontakt mit uns auf!     <\/p>\n","protected":false},"featured_media":56661,"comment_status":"open","ping_status":"closed","template":"","meta":{"_joinchat":[]},"product_brand":[],"product_cat":[938,907],"product_tag":[],"class_list":{"0":"post-58788","1":"product","2":"type-product","3":"status-publish","4":"has-post-thumbnail","6":"product_cat-hebewerkzeuge","7":"product_cat-werkzeuge","10":"first","11":"instock","12":"taxable","13":"shipping-taxable","14":"purchasable","15":"product-type-simple"},"_links":{"self":[{"href":"https:\/\/trailerpartsplaza.com\/de\/wp-json\/wp\/v2\/product\/58788"}],"collection":[{"href":"https:\/\/trailerpartsplaza.com\/de\/wp-json\/wp\/v2\/product"}],"about":[{"href":"https:\/\/trailerpartsplaza.com\/de\/wp-json\/wp\/v2\/types\/product"}],"replies":[{"embeddable":true,"href":"https:\/\/trailerpartsplaza.com\/de\/wp-json\/wp\/v2\/comments?post=58788"}],"wp:featuredmedia":[{"embeddable":true,"href":"https:\/\/trailerpartsplaza.com\/de\/wp-json\/wp\/v2\/media\/56661"}],"wp:attachment":[{"href":"https:\/\/trailerpartsplaza.com\/de\/wp-json\/wp\/v2\/media?parent=58788"}],"wp:term":[{"taxonomy":"product_brand","embeddable":true,"href":"https:\/\/trailerpartsplaza.com\/de\/wp-json\/wp\/v2\/product_brand?post=58788"},{"taxonomy":"product_cat","embeddable":true,"href":"https:\/\/trailerpartsplaza.com\/de\/wp-json\/wp\/v2\/product_cat?post=58788"},{"taxonomy":"product_tag","embeddable":true,"href":"https:\/\/trailerpartsplaza.com\/de\/wp-json\/wp\/v2\/product_tag?post=58788"}],"curies":[{"name":"wp","href":"https:\/\/api.w.org\/{rel}","templated":true}]}}