{"id":58810,"date":"2025-04-01T13:37:37","date_gmt":"2025-04-01T13:37:37","guid":{"rendered":"https:\/\/trailerpartsplaza.com\/product\/satz-rampen-aus-alu-gebogen-2000x260mm-1000kg\/"},"modified":"2025-04-01T13:37:37","modified_gmt":"2025-04-01T13:37:37","slug":"satz-rampen-aus-alu-gebogen-2000x260mm-1000kg","status":"publish","type":"product","link":"https:\/\/trailerpartsplaza.com\/de\/produkt\/satz-rampen-aus-alu-gebogen-2000x260mm-1000kg\/","title":{"rendered":"Satz Rampen aus Alu. gebogen 2000x260mm. 1000kg."},"content":{"rendered":"","protected":false},"excerpt":{"rendered":"<p>F\u00fcr eine intensive Nutzung ist das Rampenset alu. gebogen 2000x260mm. 1000kg. ist eine ausgezeichnete Wahl. Dank der intelligenten Konstruktion und Abmessungen ist die Montage einfach. F\u00fcr alle, die Qualit\u00e4t und Komfort in einer Komponente suchen. M\u00f6chten Sie weitere Informationen zu diesem Produkt? Dann nehmen Sie Kontakt mit uns auf!       <\/p>\n","protected":false},"featured_media":56685,"comment_status":"open","ping_status":"closed","template":"","meta":{"_joinchat":[]},"product_brand":[],"product_cat":[944,940],"product_tag":[],"class_list":{"0":"post-58810","1":"product","2":"type-product","3":"status-publish","4":"has-post-thumbnail","6":"product_cat-aluminium-rampen","7":"product_cat-laderampen","8":"product_shipping_class-extra-versandkosten-xl","11":"first","12":"instock","13":"taxable","14":"shipping-taxable","15":"purchasable","16":"product-type-simple"},"_links":{"self":[{"href":"https:\/\/trailerpartsplaza.com\/de\/wp-json\/wp\/v2\/product\/58810"}],"collection":[{"href":"https:\/\/trailerpartsplaza.com\/de\/wp-json\/wp\/v2\/product"}],"about":[{"href":"https:\/\/trailerpartsplaza.com\/de\/wp-json\/wp\/v2\/types\/product"}],"replies":[{"embeddable":true,"href":"https:\/\/trailerpartsplaza.com\/de\/wp-json\/wp\/v2\/comments?post=58810"}],"wp:featuredmedia":[{"embeddable":true,"href":"https:\/\/trailerpartsplaza.com\/de\/wp-json\/wp\/v2\/media\/56685"}],"wp:attachment":[{"href":"https:\/\/trailerpartsplaza.com\/de\/wp-json\/wp\/v2\/media?parent=58810"}],"wp:term":[{"taxonomy":"product_brand","embeddable":true,"href":"https:\/\/trailerpartsplaza.com\/de\/wp-json\/wp\/v2\/product_brand?post=58810"},{"taxonomy":"product_cat","embeddable":true,"href":"https:\/\/trailerpartsplaza.com\/de\/wp-json\/wp\/v2\/product_cat?post=58810"},{"taxonomy":"product_tag","embeddable":true,"href":"https:\/\/trailerpartsplaza.com\/de\/wp-json\/wp\/v2\/product_tag?post=58810"}],"curies":[{"name":"wp","href":"https:\/\/api.w.org\/{rel}","templated":true}]}}