{"id":58864,"date":"2025-04-01T13:38:07","date_gmt":"2025-04-01T13:38:07","guid":{"rendered":"https:\/\/trailerpartsplaza.com\/product\/20-teiliger-steckschluesselsatz\/"},"modified":"2025-04-01T13:38:07","modified_gmt":"2025-04-01T13:38:07","slug":"20-teiliger-steckschluesselsatz","status":"publish","type":"product","link":"https:\/\/trailerpartsplaza.com\/de\/produkt\/20-teiliger-steckschluesselsatz\/","title":{"rendered":"20-teiliger Steckschl\u00fcsselsatz"},"content":{"rendered":"","protected":false},"excerpt":{"rendered":"<p>R\u00fcsten Sie Ihr Fahrzeug mit dem 20-teiligen Kappenset f\u00fcr eine robuste und stabile Basis auf. Die Kombination aus Robustheit und Funktionalit\u00e4t macht dieses Set zu einer zuverl\u00e4ssigen L\u00f6sung. Entwickelt f\u00fcr Langlebigkeit und Benutzerfreundlichkeit. M\u00f6chten Sie weitere Informationen zu diesem Produkt? Dann nehmen Sie Kontakt mit uns auf!    <\/p>\n","protected":false},"featured_media":56742,"comment_status":"open","ping_status":"closed","template":"","meta":{"_joinchat":[]},"product_brand":[],"product_cat":[908],"product_tag":[],"class_list":{"0":"post-58864","1":"product","2":"type-product","3":"status-publish","4":"has-post-thumbnail","6":"product_cat-werkstatt-tools","9":"first","10":"instock","11":"taxable","12":"shipping-taxable","13":"purchasable","14":"product-type-simple"},"_links":{"self":[{"href":"https:\/\/trailerpartsplaza.com\/de\/wp-json\/wp\/v2\/product\/58864"}],"collection":[{"href":"https:\/\/trailerpartsplaza.com\/de\/wp-json\/wp\/v2\/product"}],"about":[{"href":"https:\/\/trailerpartsplaza.com\/de\/wp-json\/wp\/v2\/types\/product"}],"replies":[{"embeddable":true,"href":"https:\/\/trailerpartsplaza.com\/de\/wp-json\/wp\/v2\/comments?post=58864"}],"wp:featuredmedia":[{"embeddable":true,"href":"https:\/\/trailerpartsplaza.com\/de\/wp-json\/wp\/v2\/media\/56742"}],"wp:attachment":[{"href":"https:\/\/trailerpartsplaza.com\/de\/wp-json\/wp\/v2\/media?parent=58864"}],"wp:term":[{"taxonomy":"product_brand","embeddable":true,"href":"https:\/\/trailerpartsplaza.com\/de\/wp-json\/wp\/v2\/product_brand?post=58864"},{"taxonomy":"product_cat","embeddable":true,"href":"https:\/\/trailerpartsplaza.com\/de\/wp-json\/wp\/v2\/product_cat?post=58864"},{"taxonomy":"product_tag","embeddable":true,"href":"https:\/\/trailerpartsplaza.com\/de\/wp-json\/wp\/v2\/product_tag?post=58864"}],"curies":[{"name":"wp","href":"https:\/\/api.w.org\/{rel}","templated":true}]}}