{"id":58899,"date":"2025-04-01T13:38:19","date_gmt":"2025-04-01T13:38:19","guid":{"rendered":"https:\/\/trailerpartsplaza.com\/product\/platte-fuer-stossdaempfer-90-satz-schraubbar-alko\/"},"modified":"2025-04-01T13:38:19","modified_gmt":"2025-04-01T13:38:19","slug":"platte-fuer-stossdaempfer-90-satz-schraubbar-alko","status":"publish","type":"product","link":"https:\/\/trailerpartsplaza.com\/de\/produkt\/platte-fuer-stossdaempfer-90-satz-schraubbar-alko\/","title":{"rendered":"Platte f\u00fcr Sto\u00dfd\u00e4mpfer 90\u00b0 Satz, \/\/ schraubbar , ALKO"},"content":{"rendered":"","protected":false},"excerpt":{"rendered":"<p>Die Platte f\u00fcr Sto\u00dfd\u00e4mpfer 90er Set, \/\/ schraubbar , alko ist f\u00fcr zuverl\u00e4ssige Leistung und Langlebigkeit konzipiert. Die Kombination aus Robustheit und Funktionalit\u00e4t macht sie zu einer zuverl\u00e4ssigen L\u00f6sung. F\u00fcr alle, die Qualit\u00e4t und Komfort in einem Teil suchen. M\u00f6chten Sie weitere Informationen zu diesem Produkt? Dann nehmen Sie Kontakt mit uns auf!    <\/p>\n","protected":false},"featured_media":56784,"comment_status":"open","ping_status":"closed","template":"","meta":{"_joinchat":[]},"product_brand":[],"product_cat":[928,926,900],"product_tag":[],"class_list":{"0":"post-58899","1":"product","2":"type-product","3":"status-publish","4":"has-post-thumbnail","6":"product_cat-andere-artikel-uber-bremsen","7":"product_cat-teile-der-bremse","8":"product_cat-teile-fur-achsen-rader-und-bremsen","11":"first","12":"instock","13":"taxable","14":"shipping-taxable","15":"purchasable","16":"product-type-simple"},"_links":{"self":[{"href":"https:\/\/trailerpartsplaza.com\/de\/wp-json\/wp\/v2\/product\/58899"}],"collection":[{"href":"https:\/\/trailerpartsplaza.com\/de\/wp-json\/wp\/v2\/product"}],"about":[{"href":"https:\/\/trailerpartsplaza.com\/de\/wp-json\/wp\/v2\/types\/product"}],"replies":[{"embeddable":true,"href":"https:\/\/trailerpartsplaza.com\/de\/wp-json\/wp\/v2\/comments?post=58899"}],"wp:featuredmedia":[{"embeddable":true,"href":"https:\/\/trailerpartsplaza.com\/de\/wp-json\/wp\/v2\/media\/56784"}],"wp:attachment":[{"href":"https:\/\/trailerpartsplaza.com\/de\/wp-json\/wp\/v2\/media?parent=58899"}],"wp:term":[{"taxonomy":"product_brand","embeddable":true,"href":"https:\/\/trailerpartsplaza.com\/de\/wp-json\/wp\/v2\/product_brand?post=58899"},{"taxonomy":"product_cat","embeddable":true,"href":"https:\/\/trailerpartsplaza.com\/de\/wp-json\/wp\/v2\/product_cat?post=58899"},{"taxonomy":"product_tag","embeddable":true,"href":"https:\/\/trailerpartsplaza.com\/de\/wp-json\/wp\/v2\/product_tag?post=58899"}],"curies":[{"name":"wp","href":"https:\/\/api.w.org\/{rel}","templated":true}]}}