{"id":58905,"date":"2025-04-01T13:36:46","date_gmt":"2025-04-01T13:36:46","guid":{"rendered":"https:\/\/trailerpartsplaza.com\/product\/planen-variante-220x130x56cm\/"},"modified":"2025-04-01T13:36:46","modified_gmt":"2025-04-01T13:36:46","slug":"planen-variante-220x130x56cm","status":"publish","type":"product","link":"https:\/\/trailerpartsplaza.com\/de\/produkt\/planen-variante-220x130x56cm\/","title":{"rendered":"Planen-Variante 220x130x56cm"},"content":{"rendered":"","protected":false},"excerpt":{"rendered":"<p>R\u00fcsten Sie Ihr Fahrzeug mit der Planenvariante 220x130x56cm f\u00fcr eine robuste und stabile Basis auf. Die Kombination aus Solidit\u00e4t und Funktionalit\u00e4t macht dies zu einer zuverl\u00e4ssigen L\u00f6sung. Eine h\u00e4ufig gew\u00e4hlte Komponente unter Profis. M\u00f6chten Sie weitere Informationen zu diesem Produkt? Dann nehmen Sie Kontakt mit uns auf!    <\/p>\n","protected":false},"featured_media":57545,"comment_status":"open","ping_status":"closed","template":"","meta":{"_joinchat":[]},"product_brand":[],"product_cat":[970,967,968],"product_tag":[],"class_list":{"0":"post-58905","1":"product","2":"type-product","3":"status-publish","4":"has-post-thumbnail","6":"product_cat-abdeckplanen","7":"product_cat-befestigungen-fur-lasten","8":"product_cat-netze-und-planen-fur-anhanger","11":"first","12":"instock","13":"taxable","14":"shipping-taxable","15":"purchasable","16":"product-type-simple"},"_links":{"self":[{"href":"https:\/\/trailerpartsplaza.com\/de\/wp-json\/wp\/v2\/product\/58905"}],"collection":[{"href":"https:\/\/trailerpartsplaza.com\/de\/wp-json\/wp\/v2\/product"}],"about":[{"href":"https:\/\/trailerpartsplaza.com\/de\/wp-json\/wp\/v2\/types\/product"}],"replies":[{"embeddable":true,"href":"https:\/\/trailerpartsplaza.com\/de\/wp-json\/wp\/v2\/comments?post=58905"}],"wp:featuredmedia":[{"embeddable":true,"href":"https:\/\/trailerpartsplaza.com\/de\/wp-json\/wp\/v2\/media\/57545"}],"wp:attachment":[{"href":"https:\/\/trailerpartsplaza.com\/de\/wp-json\/wp\/v2\/media?parent=58905"}],"wp:term":[{"taxonomy":"product_brand","embeddable":true,"href":"https:\/\/trailerpartsplaza.com\/de\/wp-json\/wp\/v2\/product_brand?post=58905"},{"taxonomy":"product_cat","embeddable":true,"href":"https:\/\/trailerpartsplaza.com\/de\/wp-json\/wp\/v2\/product_cat?post=58905"},{"taxonomy":"product_tag","embeddable":true,"href":"https:\/\/trailerpartsplaza.com\/de\/wp-json\/wp\/v2\/product_tag?post=58905"}],"curies":[{"name":"wp","href":"https:\/\/api.w.org\/{rel}","templated":true}]}}