{"id":58957,"date":"2025-04-01T13:37:13","date_gmt":"2025-04-01T13:37:13","guid":{"rendered":"https:\/\/trailerpartsplaza.com\/product\/starthilfekabel-50qmm-5m-1000a\/"},"modified":"2025-04-01T13:37:13","modified_gmt":"2025-04-01T13:37:13","slug":"starthilfekabel-50qmm-5m-1000a","status":"publish","type":"product","link":"https:\/\/trailerpartsplaza.com\/de\/produkt\/starthilfekabel-50qmm-5m-1000a\/","title":{"rendered":"Starthilfekabel 50qmm 5m. 1000A."},"content":{"rendered":"","protected":false},"excerpt":{"rendered":"<p>Das Starterkabel 50qmm 5m. 1000a. ist f\u00fcr zuverl\u00e4ssige Leistung und Langlebigkeit ausgelegt. Diese Version ist aus hochwertigem Material gefertigt und f\u00fcr den t\u00e4glichen Gebrauch geeignet. Eine h\u00e4ufig gew\u00e4hlte Komponente unter professionellen Anwendern. M\u00f6chten Sie weitere Informationen zu diesem Produkt? Dann nehmen Sie Kontakt mit uns auf!      <\/p>\n","protected":false},"featured_media":62575,"comment_status":"open","ping_status":"closed","template":"","meta":{"_joinchat":[]},"product_brand":[],"product_cat":[952,891],"product_tag":[],"class_list":{"0":"post-58957","1":"product","2":"type-product","3":"status-publish","4":"has-post-thumbnail","6":"product_cat-batteriepol-ladeklemme","7":"product_cat-elektrizitat","10":"first","11":"instock","12":"taxable","13":"shipping-taxable","14":"purchasable","15":"product-type-simple"},"_links":{"self":[{"href":"https:\/\/trailerpartsplaza.com\/de\/wp-json\/wp\/v2\/product\/58957"}],"collection":[{"href":"https:\/\/trailerpartsplaza.com\/de\/wp-json\/wp\/v2\/product"}],"about":[{"href":"https:\/\/trailerpartsplaza.com\/de\/wp-json\/wp\/v2\/types\/product"}],"replies":[{"embeddable":true,"href":"https:\/\/trailerpartsplaza.com\/de\/wp-json\/wp\/v2\/comments?post=58957"}],"wp:featuredmedia":[{"embeddable":true,"href":"https:\/\/trailerpartsplaza.com\/de\/wp-json\/wp\/v2\/media\/62575"}],"wp:attachment":[{"href":"https:\/\/trailerpartsplaza.com\/de\/wp-json\/wp\/v2\/media?parent=58957"}],"wp:term":[{"taxonomy":"product_brand","embeddable":true,"href":"https:\/\/trailerpartsplaza.com\/de\/wp-json\/wp\/v2\/product_brand?post=58957"},{"taxonomy":"product_cat","embeddable":true,"href":"https:\/\/trailerpartsplaza.com\/de\/wp-json\/wp\/v2\/product_cat?post=58957"},{"taxonomy":"product_tag","embeddable":true,"href":"https:\/\/trailerpartsplaza.com\/de\/wp-json\/wp\/v2\/product_tag?post=58957"}],"curies":[{"name":"wp","href":"https:\/\/api.w.org\/{rel}","templated":true}]}}