{"id":58997,"date":"2025-04-01T13:36:32","date_gmt":"2025-04-01T13:36:32","guid":{"rendered":"https:\/\/trailerpartsplaza.com\/product\/anhaengernetz-feinmaschig-3x16m-elastischer-rand-budget-nur-6-oesen\/"},"modified":"2025-04-01T13:36:32","modified_gmt":"2025-04-01T13:36:32","slug":"anhaengernetz-feinmaschig-3x16m-elastischer-rand-budget-nur-6-oesen","status":"publish","type":"product","link":"https:\/\/trailerpartsplaza.com\/de\/produkt\/anhaengernetz-feinmaschig-3x16m-elastischer-rand-budget-nur-6-oesen\/","title":{"rendered":"Anh\u00e4ngernetz feinmaschig 3&#215;1,6m.elastischer Rand, Budget (nur 6 \u00d6sen!)"},"content":{"rendered":"","protected":false},"excerpt":{"rendered":"<p>R\u00fcsten Sie Ihr Fahrzeug mit dem Anh\u00e4ngernetz feinmaschig 3&#215;1,6m.elastischer Rand, preisg\u00fcnstig (nur 6 \u00d6sen!) f\u00fcr eine robuste und stabile Basis. Die Kombination aus Robustheit und Funktionalit\u00e4t macht dieses Netz zu einer zuverl\u00e4ssigen L\u00f6sung. Ideal f\u00fcr Anh\u00e4nger, Wohnwagen und andere Transportmittel. M\u00f6chten Sie weitere Informationen zu diesem Produkt? Dann nehmen Sie Kontakt mit uns auf!    <\/p>\n","protected":false},"featured_media":57542,"comment_status":"open","ping_status":"closed","template":"","meta":{"_joinchat":[]},"product_brand":[],"product_cat":[976,967,968],"product_tag":[],"class_list":{"0":"post-58997","1":"product","2":"type-product","3":"status-publish","4":"has-post-thumbnail","6":"product_cat-anhangernetz-mit-elastischem-seil","7":"product_cat-befestigungen-fur-lasten","8":"product_cat-netze-und-planen-fur-anhanger","11":"first","12":"instock","13":"taxable","14":"shipping-taxable","15":"purchasable","16":"product-type-simple"},"_links":{"self":[{"href":"https:\/\/trailerpartsplaza.com\/de\/wp-json\/wp\/v2\/product\/58997"}],"collection":[{"href":"https:\/\/trailerpartsplaza.com\/de\/wp-json\/wp\/v2\/product"}],"about":[{"href":"https:\/\/trailerpartsplaza.com\/de\/wp-json\/wp\/v2\/types\/product"}],"replies":[{"embeddable":true,"href":"https:\/\/trailerpartsplaza.com\/de\/wp-json\/wp\/v2\/comments?post=58997"}],"wp:featuredmedia":[{"embeddable":true,"href":"https:\/\/trailerpartsplaza.com\/de\/wp-json\/wp\/v2\/media\/57542"}],"wp:attachment":[{"href":"https:\/\/trailerpartsplaza.com\/de\/wp-json\/wp\/v2\/media?parent=58997"}],"wp:term":[{"taxonomy":"product_brand","embeddable":true,"href":"https:\/\/trailerpartsplaza.com\/de\/wp-json\/wp\/v2\/product_brand?post=58997"},{"taxonomy":"product_cat","embeddable":true,"href":"https:\/\/trailerpartsplaza.com\/de\/wp-json\/wp\/v2\/product_cat?post=58997"},{"taxonomy":"product_tag","embeddable":true,"href":"https:\/\/trailerpartsplaza.com\/de\/wp-json\/wp\/v2\/product_tag?post=58997"}],"curies":[{"name":"wp","href":"https:\/\/api.w.org\/{rel}","templated":true}]}}