{"id":59035,"date":"2025-04-01T13:35:35","date_gmt":"2025-04-01T13:35:35","guid":{"rendered":"https:\/\/trailerpartsplaza.com\/product\/anhaenger-netz-schwarz-elastisch-1-25x2-1-2x3-m\/"},"modified":"2025-04-01T13:35:35","modified_gmt":"2025-04-01T13:35:35","slug":"anhaenger-netz-schwarz-elastisch-1-25x2-1-2x3-m","status":"publish","type":"product","link":"https:\/\/trailerpartsplaza.com\/de\/produkt\/anhaenger-netz-schwarz-elastisch-1-25x2-1-2x3-m\/","title":{"rendered":"Anh\u00e4nger Netz schwarz elastisch 1.25&#215;2.1 -&gt; 2&#215;3 m."},"content":{"rendered":"","protected":false},"excerpt":{"rendered":"<p>Das Anh\u00e4ngernetz schwarz elastisch 1,25&#215;2,1 -&gt; 2&#215;3 m bietet robusten Halt f\u00fcr eine Vielzahl von Anwendungen. Perfekt auf die g\u00e4ngigen Fahrzeugspezifikationen abgestimmt. Bitte kontaktieren Sie uns f\u00fcr weitere Informationen zu diesem Produkt. M\u00f6chten Sie weitere Informationen zu diesem Produkt? Dann nehmen Sie Kontakt mit uns auf!    <\/p>\n","protected":false},"featured_media":56520,"comment_status":"open","ping_status":"closed","template":"","meta":{"_joinchat":[]},"product_brand":[],"product_cat":[976,967,968],"product_tag":[],"class_list":{"0":"post-59035","1":"product","2":"type-product","3":"status-publish","4":"has-post-thumbnail","6":"product_cat-anhangernetz-mit-elastischem-seil","7":"product_cat-befestigungen-fur-lasten","8":"product_cat-netze-und-planen-fur-anhanger","11":"first","12":"instock","13":"taxable","14":"shipping-taxable","15":"purchasable","16":"product-type-simple"},"_links":{"self":[{"href":"https:\/\/trailerpartsplaza.com\/de\/wp-json\/wp\/v2\/product\/59035"}],"collection":[{"href":"https:\/\/trailerpartsplaza.com\/de\/wp-json\/wp\/v2\/product"}],"about":[{"href":"https:\/\/trailerpartsplaza.com\/de\/wp-json\/wp\/v2\/types\/product"}],"replies":[{"embeddable":true,"href":"https:\/\/trailerpartsplaza.com\/de\/wp-json\/wp\/v2\/comments?post=59035"}],"wp:featuredmedia":[{"embeddable":true,"href":"https:\/\/trailerpartsplaza.com\/de\/wp-json\/wp\/v2\/media\/56520"}],"wp:attachment":[{"href":"https:\/\/trailerpartsplaza.com\/de\/wp-json\/wp\/v2\/media?parent=59035"}],"wp:term":[{"taxonomy":"product_brand","embeddable":true,"href":"https:\/\/trailerpartsplaza.com\/de\/wp-json\/wp\/v2\/product_brand?post=59035"},{"taxonomy":"product_cat","embeddable":true,"href":"https:\/\/trailerpartsplaza.com\/de\/wp-json\/wp\/v2\/product_cat?post=59035"},{"taxonomy":"product_tag","embeddable":true,"href":"https:\/\/trailerpartsplaza.com\/de\/wp-json\/wp\/v2\/product_tag?post=59035"}],"curies":[{"name":"wp","href":"https:\/\/api.w.org\/{rel}","templated":true}]}}