{"id":59042,"date":"2025-04-01T13:35:42","date_gmt":"2025-04-01T13:35:42","guid":{"rendered":"https:\/\/trailerpartsplaza.com\/product\/anhaengernetz-blau-elastisch-6mm%c2%b2-0-90x1-20m-16haken\/"},"modified":"2025-04-01T13:35:42","modified_gmt":"2025-04-01T13:35:42","slug":"anhaengernetz-blau-elastisch-6mm%c2%b2-0-90x1-20m-16haken","status":"publish","type":"product","link":"https:\/\/trailerpartsplaza.com\/de\/produkt\/anhaengernetz-blau-elastisch-6mm%c2%b2-0-90x1-20m-16haken\/","title":{"rendered":"Anh\u00e4ngernetz blau elastisch 6mm\u00b2 0.90&#215;1.20m.16Haken"},"content":{"rendered":"","protected":false},"excerpt":{"rendered":"<p>Mit dem Anh\u00e4ngernetz blau elastisch 6mm2 0.90&#215;1.20m.16Haken k\u00f6nnen Sie Ihren Anh\u00e4nger oder Trailer leicht verbessern. Diese Version ist aus hochwertigem Material gefertigt und f\u00fcr den t\u00e4glichen Gebrauch geeignet. Ideal f\u00fcr Anh\u00e4nger, Wohnwagen und andere Transportmittel. M\u00f6chten Sie weitere Informationen zu diesem Produkt? Dann nehmen Sie Kontakt mit uns auf!    <\/p>\n","protected":false},"featured_media":56538,"comment_status":"open","ping_status":"closed","template":"","meta":{"_joinchat":[]},"product_brand":[],"product_cat":[979,967,968],"product_tag":[],"class_list":{"0":"post-59042","1":"product","2":"type-product","3":"status-publish","4":"has-post-thumbnail","6":"product_cat-anhangernetz-mit-haken","7":"product_cat-befestigungen-fur-lasten","8":"product_cat-netze-und-planen-fur-anhanger","11":"first","12":"instock","13":"taxable","14":"shipping-taxable","15":"purchasable","16":"product-type-simple"},"_links":{"self":[{"href":"https:\/\/trailerpartsplaza.com\/de\/wp-json\/wp\/v2\/product\/59042"}],"collection":[{"href":"https:\/\/trailerpartsplaza.com\/de\/wp-json\/wp\/v2\/product"}],"about":[{"href":"https:\/\/trailerpartsplaza.com\/de\/wp-json\/wp\/v2\/types\/product"}],"replies":[{"embeddable":true,"href":"https:\/\/trailerpartsplaza.com\/de\/wp-json\/wp\/v2\/comments?post=59042"}],"wp:featuredmedia":[{"embeddable":true,"href":"https:\/\/trailerpartsplaza.com\/de\/wp-json\/wp\/v2\/media\/56538"}],"wp:attachment":[{"href":"https:\/\/trailerpartsplaza.com\/de\/wp-json\/wp\/v2\/media?parent=59042"}],"wp:term":[{"taxonomy":"product_brand","embeddable":true,"href":"https:\/\/trailerpartsplaza.com\/de\/wp-json\/wp\/v2\/product_brand?post=59042"},{"taxonomy":"product_cat","embeddable":true,"href":"https:\/\/trailerpartsplaza.com\/de\/wp-json\/wp\/v2\/product_cat?post=59042"},{"taxonomy":"product_tag","embeddable":true,"href":"https:\/\/trailerpartsplaza.com\/de\/wp-json\/wp\/v2\/product_tag?post=59042"}],"curies":[{"name":"wp","href":"https:\/\/api.w.org\/{rel}","templated":true}]}}