{"id":59043,"date":"2025-04-01T13:35:43","date_gmt":"2025-04-01T13:35:43","guid":{"rendered":"https:\/\/trailerpartsplaza.com\/product\/anhaengernetz-schwarz-elastisch-5mm%c2%b2-1-75x1-37m-12haken\/"},"modified":"2025-04-01T13:35:43","modified_gmt":"2025-04-01T13:35:43","slug":"anhaengernetz-schwarz-elastisch-5mm%c2%b2-1-75x1-37m-12haken","status":"publish","type":"product","link":"https:\/\/trailerpartsplaza.com\/de\/produkt\/anhaengernetz-schwarz-elastisch-5mm%c2%b2-1-75x1-37m-12haken\/","title":{"rendered":"Anh\u00e4ngernetz schwarz elastisch 5mm\u00b2.1.75&#215;1.37m.12Haken"},"content":{"rendered":"","protected":false},"excerpt":{"rendered":"<p>F\u00fcr die intensive Nutzung ist das Anh\u00e4ngernetz schwarz elastisch 5mm2.1.75&#215;1.37m.12Haken eine ausgezeichnete Wahl. Perfekt auf die g\u00e4ngigen Fahrzeugspezifikationen abgestimmt. Entwickelt f\u00fcr eine lange Lebensdauer und einfache Verwendung. M\u00f6chten Sie weitere Informationen zu diesem Produkt? Dann nehmen Sie Kontakt mit uns auf!    <\/p>\n","protected":false},"featured_media":56541,"comment_status":"open","ping_status":"closed","template":"","meta":{"_joinchat":[]},"product_brand":[],"product_cat":[979,967,968],"product_tag":[],"class_list":{"0":"post-59043","1":"product","2":"type-product","3":"status-publish","4":"has-post-thumbnail","6":"product_cat-anhangernetz-mit-haken","7":"product_cat-befestigungen-fur-lasten","8":"product_cat-netze-und-planen-fur-anhanger","11":"first","12":"instock","13":"taxable","14":"shipping-taxable","15":"purchasable","16":"product-type-simple"},"_links":{"self":[{"href":"https:\/\/trailerpartsplaza.com\/de\/wp-json\/wp\/v2\/product\/59043"}],"collection":[{"href":"https:\/\/trailerpartsplaza.com\/de\/wp-json\/wp\/v2\/product"}],"about":[{"href":"https:\/\/trailerpartsplaza.com\/de\/wp-json\/wp\/v2\/types\/product"}],"replies":[{"embeddable":true,"href":"https:\/\/trailerpartsplaza.com\/de\/wp-json\/wp\/v2\/comments?post=59043"}],"wp:featuredmedia":[{"embeddable":true,"href":"https:\/\/trailerpartsplaza.com\/de\/wp-json\/wp\/v2\/media\/56541"}],"wp:attachment":[{"href":"https:\/\/trailerpartsplaza.com\/de\/wp-json\/wp\/v2\/media?parent=59043"}],"wp:term":[{"taxonomy":"product_brand","embeddable":true,"href":"https:\/\/trailerpartsplaza.com\/de\/wp-json\/wp\/v2\/product_brand?post=59043"},{"taxonomy":"product_cat","embeddable":true,"href":"https:\/\/trailerpartsplaza.com\/de\/wp-json\/wp\/v2\/product_cat?post=59043"},{"taxonomy":"product_tag","embeddable":true,"href":"https:\/\/trailerpartsplaza.com\/de\/wp-json\/wp\/v2\/product_tag?post=59043"}],"curies":[{"name":"wp","href":"https:\/\/api.w.org\/{rel}","templated":true}]}}