{"id":59050,"date":"2025-04-01T13:35:43","date_gmt":"2025-04-01T13:35:43","guid":{"rendered":"https:\/\/trailerpartsplaza.com\/product\/anhaengernetz-schwarz-elastisch-5mm%c2%b2-3-5x2-7m-22haken\/"},"modified":"2025-04-01T13:35:43","modified_gmt":"2025-04-01T13:35:43","slug":"anhaengernetz-schwarz-elastisch-5mm%c2%b2-3-5x2-7m-22haken","status":"publish","type":"product","link":"https:\/\/trailerpartsplaza.com\/de\/produkt\/anhaengernetz-schwarz-elastisch-5mm%c2%b2-3-5x2-7m-22haken\/","title":{"rendered":"Anh\u00e4ngernetz schwarz elastisch 5mm\u00b2 3.5&#215;2.7m.22Haken"},"content":{"rendered":"","protected":false},"excerpt":{"rendered":"<p>Das Anh\u00e4ngernetz schwarz elastisch 5mm2 3.5&#215;2.7m.22Haken ist f\u00fcr zuverl\u00e4ssige Leistung und Langlebigkeit konzipiert. Seine intelligente Konstruktion und seine Abmessungen machen die Montage einfach. F\u00fcr alle, die Qualit\u00e4t und Komfort in einem Teil suchen. M\u00f6chten Sie weitere Informationen zu diesem Produkt? Dann nehmen Sie Kontakt mit uns auf!    <\/p>\n","protected":false},"featured_media":56544,"comment_status":"open","ping_status":"closed","template":"","meta":{"_joinchat":[]},"product_brand":[],"product_cat":[979,967,968],"product_tag":[],"class_list":{"0":"post-59050","1":"product","2":"type-product","3":"status-publish","4":"has-post-thumbnail","6":"product_cat-anhangernetz-mit-haken","7":"product_cat-befestigungen-fur-lasten","8":"product_cat-netze-und-planen-fur-anhanger","11":"first","12":"instock","13":"taxable","14":"shipping-taxable","15":"purchasable","16":"product-type-simple"},"_links":{"self":[{"href":"https:\/\/trailerpartsplaza.com\/de\/wp-json\/wp\/v2\/product\/59050"}],"collection":[{"href":"https:\/\/trailerpartsplaza.com\/de\/wp-json\/wp\/v2\/product"}],"about":[{"href":"https:\/\/trailerpartsplaza.com\/de\/wp-json\/wp\/v2\/types\/product"}],"replies":[{"embeddable":true,"href":"https:\/\/trailerpartsplaza.com\/de\/wp-json\/wp\/v2\/comments?post=59050"}],"wp:featuredmedia":[{"embeddable":true,"href":"https:\/\/trailerpartsplaza.com\/de\/wp-json\/wp\/v2\/media\/56544"}],"wp:attachment":[{"href":"https:\/\/trailerpartsplaza.com\/de\/wp-json\/wp\/v2\/media?parent=59050"}],"wp:term":[{"taxonomy":"product_brand","embeddable":true,"href":"https:\/\/trailerpartsplaza.com\/de\/wp-json\/wp\/v2\/product_brand?post=59050"},{"taxonomy":"product_cat","embeddable":true,"href":"https:\/\/trailerpartsplaza.com\/de\/wp-json\/wp\/v2\/product_cat?post=59050"},{"taxonomy":"product_tag","embeddable":true,"href":"https:\/\/trailerpartsplaza.com\/de\/wp-json\/wp\/v2\/product_tag?post=59050"}],"curies":[{"name":"wp","href":"https:\/\/api.w.org\/{rel}","templated":true}]}}