{"id":59088,"date":"2025-04-01T13:36:18","date_gmt":"2025-04-01T13:36:18","guid":{"rendered":"https:\/\/trailerpartsplaza.com\/product\/anhaengernetz-feinmaschig-2-5x4m-elastischer-rand-schwarz-profi\/"},"modified":"2025-04-01T13:36:18","modified_gmt":"2025-04-01T13:36:18","slug":"anhaengernetz-feinmaschig-2-5x4m-elastischer-rand-schwarz-profi","status":"publish","type":"product","link":"https:\/\/trailerpartsplaza.com\/de\/produkt\/anhaengernetz-feinmaschig-2-5x4m-elastischer-rand-schwarz-profi\/","title":{"rendered":"Anh\u00e4ngernetz feinmaschig 2.5x4m.elastischer Rand, Schwarz Profi"},"content":{"rendered":"","protected":false},"excerpt":{"rendered":"<p>Das Anh\u00e4ngernetz feinmaschig 2,5x4m.elastischer Rand, schwarz profi ist f\u00fcr zuverl\u00e4ssige Leistung und Langlebigkeit konzipiert. Diese Version ist aus hochwertigem Material gefertigt und f\u00fcr den t\u00e4glichen Gebrauch geeignet. F\u00fcr alle, die Qualit\u00e4t und Komfort in einem Teil suchen. M\u00f6chten Sie weitere Informationen zu diesem Produkt? Dann nehmen Sie Kontakt mit uns auf!    <\/p>\n","protected":false},"featured_media":57539,"comment_status":"open","ping_status":"closed","template":"","meta":{"_joinchat":[]},"product_brand":[],"product_cat":[976,967,968],"product_tag":[],"class_list":{"0":"post-59088","1":"product","2":"type-product","3":"status-publish","4":"has-post-thumbnail","6":"product_cat-anhangernetz-mit-elastischem-seil","7":"product_cat-befestigungen-fur-lasten","8":"product_cat-netze-und-planen-fur-anhanger","11":"first","12":"instock","13":"taxable","14":"shipping-taxable","15":"purchasable","16":"product-type-simple"},"_links":{"self":[{"href":"https:\/\/trailerpartsplaza.com\/de\/wp-json\/wp\/v2\/product\/59088"}],"collection":[{"href":"https:\/\/trailerpartsplaza.com\/de\/wp-json\/wp\/v2\/product"}],"about":[{"href":"https:\/\/trailerpartsplaza.com\/de\/wp-json\/wp\/v2\/types\/product"}],"replies":[{"embeddable":true,"href":"https:\/\/trailerpartsplaza.com\/de\/wp-json\/wp\/v2\/comments?post=59088"}],"wp:featuredmedia":[{"embeddable":true,"href":"https:\/\/trailerpartsplaza.com\/de\/wp-json\/wp\/v2\/media\/57539"}],"wp:attachment":[{"href":"https:\/\/trailerpartsplaza.com\/de\/wp-json\/wp\/v2\/media?parent=59088"}],"wp:term":[{"taxonomy":"product_brand","embeddable":true,"href":"https:\/\/trailerpartsplaza.com\/de\/wp-json\/wp\/v2\/product_brand?post=59088"},{"taxonomy":"product_cat","embeddable":true,"href":"https:\/\/trailerpartsplaza.com\/de\/wp-json\/wp\/v2\/product_cat?post=59088"},{"taxonomy":"product_tag","embeddable":true,"href":"https:\/\/trailerpartsplaza.com\/de\/wp-json\/wp\/v2\/product_tag?post=59088"}],"curies":[{"name":"wp","href":"https:\/\/api.w.org\/{rel}","templated":true}]}}