{"id":59094,"date":"2025-04-01T13:34:53","date_gmt":"2025-04-01T13:34:53","guid":{"rendered":"https:\/\/trailerpartsplaza.com\/product\/stufe-fuer-wohnwagen-wohnmobil\/"},"modified":"2025-04-01T13:34:53","modified_gmt":"2025-04-01T13:34:53","slug":"stufe-fuer-wohnwagen-wohnmobil","status":"publish","type":"product","link":"https:\/\/trailerpartsplaza.com\/de\/produkt\/stufe-fuer-wohnwagen-wohnmobil\/","title":{"rendered":"Stufe f\u00fcr Wohnwagen\/Wohnmobil"},"content":{"rendered":"","protected":false},"excerpt":{"rendered":"<p>R\u00fcsten Sie Ihr Fahrzeug mit der Trittstufe f\u00fcr Wohnwagen\/Wohnmobile f\u00fcr eine robuste und stabile Basis auf. Diese Version ist aus hochwertigem Material gefertigt und f\u00fcr den t\u00e4glichen Gebrauch geeignet. Ideal f\u00fcr Wohnwagen, Wohnmobile und andere Transportmittel. M\u00f6chten Sie weitere Informationen zu diesem Produkt? Dann nehmen Sie Kontakt mit uns auf!    <\/p>\n","protected":false},"featured_media":62063,"comment_status":"open","ping_status":"closed","template":"","meta":{"_joinchat":[]},"product_brand":[],"product_cat":[981,961],"product_tag":[],"class_list":{"0":"post-59094","1":"product","2":"type-product","3":"status-publish","4":"has-post-thumbnail","6":"product_cat-treppe","7":"product_cat-wohnwagen-und-wohnmobil","10":"first","11":"instock","12":"taxable","13":"shipping-taxable","14":"purchasable","15":"product-type-simple"},"_links":{"self":[{"href":"https:\/\/trailerpartsplaza.com\/de\/wp-json\/wp\/v2\/product\/59094"}],"collection":[{"href":"https:\/\/trailerpartsplaza.com\/de\/wp-json\/wp\/v2\/product"}],"about":[{"href":"https:\/\/trailerpartsplaza.com\/de\/wp-json\/wp\/v2\/types\/product"}],"replies":[{"embeddable":true,"href":"https:\/\/trailerpartsplaza.com\/de\/wp-json\/wp\/v2\/comments?post=59094"}],"wp:featuredmedia":[{"embeddable":true,"href":"https:\/\/trailerpartsplaza.com\/de\/wp-json\/wp\/v2\/media\/62063"}],"wp:attachment":[{"href":"https:\/\/trailerpartsplaza.com\/de\/wp-json\/wp\/v2\/media?parent=59094"}],"wp:term":[{"taxonomy":"product_brand","embeddable":true,"href":"https:\/\/trailerpartsplaza.com\/de\/wp-json\/wp\/v2\/product_brand?post=59094"},{"taxonomy":"product_cat","embeddable":true,"href":"https:\/\/trailerpartsplaza.com\/de\/wp-json\/wp\/v2\/product_cat?post=59094"},{"taxonomy":"product_tag","embeddable":true,"href":"https:\/\/trailerpartsplaza.com\/de\/wp-json\/wp\/v2\/product_tag?post=59094"}],"curies":[{"name":"wp","href":"https:\/\/api.w.org\/{rel}","templated":true}]}}