{"id":59096,"date":"2025-04-01T13:34:53","date_gmt":"2025-04-01T13:34:53","guid":{"rendered":"https:\/\/trailerpartsplaza.com\/product\/wohnwagenspiegel-150110-mm\/"},"modified":"2025-04-01T13:34:53","modified_gmt":"2025-04-01T13:34:53","slug":"wohnwagenspiegel-150110-mm","status":"publish","type":"product","link":"https:\/\/trailerpartsplaza.com\/de\/produkt\/wohnwagenspiegel-150110-mm\/","title":{"rendered":"Wohnwagenspiegel 150*110 mm."},"content":{"rendered":"","protected":false},"excerpt":{"rendered":"<p>Mit dem Wohnwagenspiegel 150*110 mm. k\u00f6nnen Sie Ihren Wohnwagen oder Anh\u00e4nger problemlos aufwerten. Die Kombination aus Robustheit und Funktionalit\u00e4t macht ihn zu einer zuverl\u00e4ssigen L\u00f6sung. Ideal f\u00fcr Anh\u00e4nger, Wohnwagen und andere Transportmittel. M\u00f6chten Sie weitere Informationen zu diesem Produkt? Dann nehmen Sie Kontakt mit uns auf!     <\/p>\n","protected":false},"featured_media":56409,"comment_status":"open","ping_status":"closed","template":"","meta":{"_joinchat":[]},"product_brand":[],"product_cat":[961,962],"product_tag":[],"class_list":{"0":"post-59096","1":"product","2":"type-product","3":"status-publish","4":"has-post-thumbnail","6":"product_cat-wohnwagen-und-wohnmobil","7":"product_cat-wohnwagen-zubehor","10":"first","11":"instock","12":"taxable","13":"shipping-taxable","14":"purchasable","15":"product-type-simple"},"_links":{"self":[{"href":"https:\/\/trailerpartsplaza.com\/de\/wp-json\/wp\/v2\/product\/59096"}],"collection":[{"href":"https:\/\/trailerpartsplaza.com\/de\/wp-json\/wp\/v2\/product"}],"about":[{"href":"https:\/\/trailerpartsplaza.com\/de\/wp-json\/wp\/v2\/types\/product"}],"replies":[{"embeddable":true,"href":"https:\/\/trailerpartsplaza.com\/de\/wp-json\/wp\/v2\/comments?post=59096"}],"wp:featuredmedia":[{"embeddable":true,"href":"https:\/\/trailerpartsplaza.com\/de\/wp-json\/wp\/v2\/media\/56409"}],"wp:attachment":[{"href":"https:\/\/trailerpartsplaza.com\/de\/wp-json\/wp\/v2\/media?parent=59096"}],"wp:term":[{"taxonomy":"product_brand","embeddable":true,"href":"https:\/\/trailerpartsplaza.com\/de\/wp-json\/wp\/v2\/product_brand?post=59096"},{"taxonomy":"product_cat","embeddable":true,"href":"https:\/\/trailerpartsplaza.com\/de\/wp-json\/wp\/v2\/product_cat?post=59096"},{"taxonomy":"product_tag","embeddable":true,"href":"https:\/\/trailerpartsplaza.com\/de\/wp-json\/wp\/v2\/product_tag?post=59096"}],"curies":[{"name":"wp","href":"https:\/\/api.w.org\/{rel}","templated":true}]}}