{"id":59123,"date":"2025-04-01T13:35:05","date_gmt":"2025-04-01T13:35:05","guid":{"rendered":"https:\/\/trailerpartsplaza.com\/product\/tasche-fuer-rampenset\/"},"modified":"2025-04-01T13:35:05","modified_gmt":"2025-04-01T13:35:05","slug":"tasche-fuer-rampenset","status":"publish","type":"product","link":"https:\/\/trailerpartsplaza.com\/de\/produkt\/tasche-fuer-rampenset\/","title":{"rendered":"Tasche f\u00fcr Rampenset"},"content":{"rendered":"","protected":false},"excerpt":{"rendered":"<p>Mit dem Taschen-Set f\u00fcr Rampen k\u00f6nnen Sie Ihren Anh\u00e4nger oder Trailer leicht verbessern. Sowohl f\u00fcr leichte als auch f\u00fcr schwerere Anwendungen geeignet. Ein beliebter Artikel bei Profis. M\u00f6chten Sie weitere Informationen zu diesem Produkt? Dann nehmen Sie Kontakt mit uns auf!    <\/p>\n","protected":false},"featured_media":58234,"comment_status":"open","ping_status":"closed","template":"","meta":{"_joinchat":[]},"product_brand":[],"product_cat":[961,962],"product_tag":[],"class_list":{"0":"post-59123","1":"product","2":"type-product","3":"status-publish","4":"has-post-thumbnail","6":"product_cat-wohnwagen-und-wohnmobil","7":"product_cat-wohnwagen-zubehor","10":"first","11":"instock","12":"taxable","13":"shipping-taxable","14":"purchasable","15":"product-type-simple"},"_links":{"self":[{"href":"https:\/\/trailerpartsplaza.com\/de\/wp-json\/wp\/v2\/product\/59123"}],"collection":[{"href":"https:\/\/trailerpartsplaza.com\/de\/wp-json\/wp\/v2\/product"}],"about":[{"href":"https:\/\/trailerpartsplaza.com\/de\/wp-json\/wp\/v2\/types\/product"}],"replies":[{"embeddable":true,"href":"https:\/\/trailerpartsplaza.com\/de\/wp-json\/wp\/v2\/comments?post=59123"}],"wp:featuredmedia":[{"embeddable":true,"href":"https:\/\/trailerpartsplaza.com\/de\/wp-json\/wp\/v2\/media\/58234"}],"wp:attachment":[{"href":"https:\/\/trailerpartsplaza.com\/de\/wp-json\/wp\/v2\/media?parent=59123"}],"wp:term":[{"taxonomy":"product_brand","embeddable":true,"href":"https:\/\/trailerpartsplaza.com\/de\/wp-json\/wp\/v2\/product_brand?post=59123"},{"taxonomy":"product_cat","embeddable":true,"href":"https:\/\/trailerpartsplaza.com\/de\/wp-json\/wp\/v2\/product_cat?post=59123"},{"taxonomy":"product_tag","embeddable":true,"href":"https:\/\/trailerpartsplaza.com\/de\/wp-json\/wp\/v2\/product_tag?post=59123"}],"curies":[{"name":"wp","href":"https:\/\/api.w.org\/{rel}","templated":true}]}}