{"id":59145,"date":"2025-04-01T13:35:15","date_gmt":"2025-04-01T13:35:15","guid":{"rendered":"https:\/\/trailerpartsplaza.com\/product\/kabelschuh-rohr-blau-45mm2\/"},"modified":"2025-04-01T13:35:15","modified_gmt":"2025-04-01T13:35:15","slug":"kabelschuh-rohr-blau-45mm2","status":"publish","type":"product","link":"https:\/\/trailerpartsplaza.com\/de\/produkt\/kabelschuh-rohr-blau-45mm2\/","title":{"rendered":"Kabelschuh Rohr blau 4,5mm2"},"content":{"rendered":"","protected":false},"excerpt":{"rendered":"<p>R\u00fcsten Sie Ihr Fahrzeug mit dem Kabelschuhrohr blau 4,5mm2 f\u00fcr eine solide und stabile Basis auf. Diese Version ist aus hochwertigem Material gefertigt und f\u00fcr den t\u00e4glichen Gebrauch geeignet. Entwickelt f\u00fcr eine lange Lebensdauer und einfache Verwendung. M\u00f6chten Sie weitere Informationen zu diesem Produkt? Dann nehmen Sie Kontakt mit uns auf!    <\/p>\n","protected":false},"featured_media":56472,"comment_status":"open","ping_status":"closed","template":"","meta":{"_joinchat":[]},"product_brand":[],"product_cat":[891,986],"product_tag":[],"class_list":{"0":"post-59145","1":"product","2":"type-product","3":"status-publish","4":"has-post-thumbnail","6":"product_cat-elektrizitat","7":"product_cat-kabelklemmen","10":"first","11":"instock","12":"taxable","13":"shipping-taxable","14":"purchasable","15":"product-type-simple"},"_links":{"self":[{"href":"https:\/\/trailerpartsplaza.com\/de\/wp-json\/wp\/v2\/product\/59145"}],"collection":[{"href":"https:\/\/trailerpartsplaza.com\/de\/wp-json\/wp\/v2\/product"}],"about":[{"href":"https:\/\/trailerpartsplaza.com\/de\/wp-json\/wp\/v2\/types\/product"}],"replies":[{"embeddable":true,"href":"https:\/\/trailerpartsplaza.com\/de\/wp-json\/wp\/v2\/comments?post=59145"}],"wp:featuredmedia":[{"embeddable":true,"href":"https:\/\/trailerpartsplaza.com\/de\/wp-json\/wp\/v2\/media\/56472"}],"wp:attachment":[{"href":"https:\/\/trailerpartsplaza.com\/de\/wp-json\/wp\/v2\/media?parent=59145"}],"wp:term":[{"taxonomy":"product_brand","embeddable":true,"href":"https:\/\/trailerpartsplaza.com\/de\/wp-json\/wp\/v2\/product_brand?post=59145"},{"taxonomy":"product_cat","embeddable":true,"href":"https:\/\/trailerpartsplaza.com\/de\/wp-json\/wp\/v2\/product_cat?post=59145"},{"taxonomy":"product_tag","embeddable":true,"href":"https:\/\/trailerpartsplaza.com\/de\/wp-json\/wp\/v2\/product_tag?post=59145"}],"curies":[{"name":"wp","href":"https:\/\/api.w.org\/{rel}","templated":true}]}}