{"id":59173,"date":"2025-04-01T13:35:29","date_gmt":"2025-04-01T13:35:29","guid":{"rendered":"https:\/\/trailerpartsplaza.com\/product\/batterieklemme-500a-rot\/"},"modified":"2025-04-01T13:35:29","modified_gmt":"2025-04-01T13:35:29","slug":"batterieklemme-500a-rot","status":"publish","type":"product","link":"https:\/\/trailerpartsplaza.com\/de\/produkt\/batterieklemme-500a-rot\/","title":{"rendered":"Batterieklemme 500A.rot"},"content":{"rendered":"","protected":false},"excerpt":{"rendered":"<p>Die Batterieklemme 500a.red bietet robuste Unterst\u00fctzung f\u00fcr eine Vielzahl von Anwendungen. Die Kombination aus Robustheit und Funktionalit\u00e4t macht sie zu einer zuverl\u00e4ssigen L\u00f6sung. F\u00fcr alle, die Qualit\u00e4t und Komfort in einer Komponente suchen. M\u00f6chten Sie weitere Informationen zu diesem Produkt? Dann nehmen Sie Kontakt mit uns auf!    <\/p>\n","protected":false},"featured_media":56505,"comment_status":"open","ping_status":"closed","template":"","meta":{"_joinchat":[]},"product_brand":[],"product_cat":[952,891],"product_tag":[],"class_list":{"0":"post-59173","1":"product","2":"type-product","3":"status-publish","4":"has-post-thumbnail","6":"product_cat-batteriepol-ladeklemme","7":"product_cat-elektrizitat","10":"first","11":"instock","12":"taxable","13":"shipping-taxable","14":"purchasable","15":"product-type-simple"},"_links":{"self":[{"href":"https:\/\/trailerpartsplaza.com\/de\/wp-json\/wp\/v2\/product\/59173"}],"collection":[{"href":"https:\/\/trailerpartsplaza.com\/de\/wp-json\/wp\/v2\/product"}],"about":[{"href":"https:\/\/trailerpartsplaza.com\/de\/wp-json\/wp\/v2\/types\/product"}],"replies":[{"embeddable":true,"href":"https:\/\/trailerpartsplaza.com\/de\/wp-json\/wp\/v2\/comments?post=59173"}],"wp:featuredmedia":[{"embeddable":true,"href":"https:\/\/trailerpartsplaza.com\/de\/wp-json\/wp\/v2\/media\/56505"}],"wp:attachment":[{"href":"https:\/\/trailerpartsplaza.com\/de\/wp-json\/wp\/v2\/media?parent=59173"}],"wp:term":[{"taxonomy":"product_brand","embeddable":true,"href":"https:\/\/trailerpartsplaza.com\/de\/wp-json\/wp\/v2\/product_brand?post=59173"},{"taxonomy":"product_cat","embeddable":true,"href":"https:\/\/trailerpartsplaza.com\/de\/wp-json\/wp\/v2\/product_cat?post=59173"},{"taxonomy":"product_tag","embeddable":true,"href":"https:\/\/trailerpartsplaza.com\/de\/wp-json\/wp\/v2\/product_tag?post=59173"}],"curies":[{"name":"wp","href":"https:\/\/api.w.org\/{rel}","templated":true}]}}