{"id":59178,"date":"2025-04-01T13:35:30","date_gmt":"2025-04-01T13:35:30","guid":{"rendered":"https:\/\/trailerpartsplaza.com\/product\/batterieklemme-500a-schwarz\/"},"modified":"2025-04-01T13:35:30","modified_gmt":"2025-04-01T13:35:30","slug":"batterieklemme-500a-schwarz","status":"publish","type":"product","link":"https:\/\/trailerpartsplaza.com\/de\/produkt\/batterieklemme-500a-schwarz\/","title":{"rendered":"Batterieklemme 500A.schwarz"},"content":{"rendered":"","protected":false},"excerpt":{"rendered":"<p>R\u00fcsten Sie Ihr Fahrzeug mit der Batterieklemme 500a.black auf und sorgen Sie f\u00fcr einen stabilen und standfesten Untergrund. Dank der intelligenten Konstruktion und der Abmessungen ist die Montage ganz einfach. Ideal f\u00fcr Anh\u00e4nger, Wohnwagen und andere Transportmittel. M\u00f6chten Sie weitere Informationen zu diesem Produkt? Dann nehmen Sie Kontakt mit uns auf!    <\/p>\n","protected":false},"featured_media":56508,"comment_status":"open","ping_status":"closed","template":"","meta":{"_joinchat":[]},"product_brand":[],"product_cat":[952,891],"product_tag":[],"class_list":{"0":"post-59178","1":"product","2":"type-product","3":"status-publish","4":"has-post-thumbnail","6":"product_cat-batteriepol-ladeklemme","7":"product_cat-elektrizitat","10":"first","11":"instock","12":"taxable","13":"shipping-taxable","14":"purchasable","15":"product-type-simple"},"_links":{"self":[{"href":"https:\/\/trailerpartsplaza.com\/de\/wp-json\/wp\/v2\/product\/59178"}],"collection":[{"href":"https:\/\/trailerpartsplaza.com\/de\/wp-json\/wp\/v2\/product"}],"about":[{"href":"https:\/\/trailerpartsplaza.com\/de\/wp-json\/wp\/v2\/types\/product"}],"replies":[{"embeddable":true,"href":"https:\/\/trailerpartsplaza.com\/de\/wp-json\/wp\/v2\/comments?post=59178"}],"wp:featuredmedia":[{"embeddable":true,"href":"https:\/\/trailerpartsplaza.com\/de\/wp-json\/wp\/v2\/media\/56508"}],"wp:attachment":[{"href":"https:\/\/trailerpartsplaza.com\/de\/wp-json\/wp\/v2\/media?parent=59178"}],"wp:term":[{"taxonomy":"product_brand","embeddable":true,"href":"https:\/\/trailerpartsplaza.com\/de\/wp-json\/wp\/v2\/product_brand?post=59178"},{"taxonomy":"product_cat","embeddable":true,"href":"https:\/\/trailerpartsplaza.com\/de\/wp-json\/wp\/v2\/product_cat?post=59178"},{"taxonomy":"product_tag","embeddable":true,"href":"https:\/\/trailerpartsplaza.com\/de\/wp-json\/wp\/v2\/product_tag?post=59178"}],"curies":[{"name":"wp","href":"https:\/\/api.w.org\/{rel}","templated":true}]}}