{"id":59315,"date":"2025-04-01T13:34:11","date_gmt":"2025-04-01T13:34:11","guid":{"rendered":"https:\/\/trailerpartsplaza.com\/product\/werkzeugkoffer-aus-alu-de-haan-box-m-620x390x295-mm\/"},"modified":"2025-04-01T13:34:11","modified_gmt":"2025-04-01T13:34:11","slug":"werkzeugkoffer-aus-alu-de-haan-box-m-620x390x295-mm","status":"publish","type":"product","link":"https:\/\/trailerpartsplaza.com\/de\/produkt\/werkzeugkoffer-aus-alu-de-haan-box-m-620x390x295-mm\/","title":{"rendered":"Werkzeugkoffer aus Alu. De Haan Box M &#8211; 620x390x295 mm."},"content":{"rendered":"","protected":false},"excerpt":{"rendered":"<p>Der Werkzeugkasten alu. de rooster box m &#8211; 620x390x295 mm. bietet robusten Halt f\u00fcr eine Vielzahl von Anwendungen. Die Kombination aus Robustheit und Funktionalit\u00e4t macht ihn zu einer zuverl\u00e4ssigen L\u00f6sung. F\u00fcr alle, die Qualit\u00e4t und Komfort in einer Komponente suchen. M\u00f6chten Sie weitere Informationen zu diesem Produkt? Dann nehmen Sie Kontakt mit uns auf!      <\/p>\n","protected":false},"featured_media":57796,"comment_status":"open","ping_status":"closed","template":"","meta":{"_joinchat":[]},"product_brand":[],"product_cat":[987,991,907],"product_tag":[],"class_list":{"0":"post-59315","1":"product","2":"type-product","3":"status-publish","4":"has-post-thumbnail","6":"product_cat-deichselkasten","7":"product_cat-deichselkasten-aus-aluminium","8":"product_cat-werkzeuge","11":"first","12":"outofstock","13":"taxable","14":"shipping-taxable","15":"purchasable","16":"product-type-simple"},"_links":{"self":[{"href":"https:\/\/trailerpartsplaza.com\/de\/wp-json\/wp\/v2\/product\/59315"}],"collection":[{"href":"https:\/\/trailerpartsplaza.com\/de\/wp-json\/wp\/v2\/product"}],"about":[{"href":"https:\/\/trailerpartsplaza.com\/de\/wp-json\/wp\/v2\/types\/product"}],"replies":[{"embeddable":true,"href":"https:\/\/trailerpartsplaza.com\/de\/wp-json\/wp\/v2\/comments?post=59315"}],"wp:featuredmedia":[{"embeddable":true,"href":"https:\/\/trailerpartsplaza.com\/de\/wp-json\/wp\/v2\/media\/57796"}],"wp:attachment":[{"href":"https:\/\/trailerpartsplaza.com\/de\/wp-json\/wp\/v2\/media?parent=59315"}],"wp:term":[{"taxonomy":"product_brand","embeddable":true,"href":"https:\/\/trailerpartsplaza.com\/de\/wp-json\/wp\/v2\/product_brand?post=59315"},{"taxonomy":"product_cat","embeddable":true,"href":"https:\/\/trailerpartsplaza.com\/de\/wp-json\/wp\/v2\/product_cat?post=59315"},{"taxonomy":"product_tag","embeddable":true,"href":"https:\/\/trailerpartsplaza.com\/de\/wp-json\/wp\/v2\/product_tag?post=59315"}],"curies":[{"name":"wp","href":"https:\/\/api.w.org\/{rel}","templated":true}]}}