{"id":59322,"date":"2025-04-01T13:34:14","date_gmt":"2025-04-01T13:34:14","guid":{"rendered":"https:\/\/trailerpartsplaza.com\/product\/werkzeugkasten-aluminium-1600x220x500mm\/"},"modified":"2025-04-01T13:34:14","modified_gmt":"2025-04-01T13:34:14","slug":"werkzeugkasten-aluminium-1600x220x500mm","status":"publish","type":"product","link":"https:\/\/trailerpartsplaza.com\/de\/produkt\/werkzeugkasten-aluminium-1600x220x500mm\/","title":{"rendered":"Werkzeugkasten Aluminium 1600x220x500mm."},"content":{"rendered":"","protected":false},"excerpt":{"rendered":"<p>F\u00fcr den intensiven Gebrauch ist der Werkzeugkasten Aluminium 1600x220x500mm. eine ausgezeichnete Wahl. Die Kombination aus Solidit\u00e4t und Funktionalit\u00e4t macht ihn zu einer zuverl\u00e4ssigen L\u00f6sung. Eine h\u00e4ufig gew\u00e4hlte Komponente bei professionellen Anwendern. M\u00f6chten Sie weitere Informationen zu diesem Produkt? Dann nehmen Sie Kontakt mit uns auf!     <\/p>\n","protected":false},"featured_media":56346,"comment_status":"open","ping_status":"closed","template":"","meta":{"_joinchat":[]},"product_brand":[],"product_cat":[987,991,907],"product_tag":[],"class_list":{"0":"post-59322","1":"product","2":"type-product","3":"status-publish","4":"has-post-thumbnail","6":"product_cat-deichselkasten","7":"product_cat-deichselkasten-aus-aluminium","8":"product_cat-werkzeuge","11":"first","12":"instock","13":"sale","14":"taxable","15":"shipping-taxable","16":"purchasable","17":"product-type-simple"},"_links":{"self":[{"href":"https:\/\/trailerpartsplaza.com\/de\/wp-json\/wp\/v2\/product\/59322"}],"collection":[{"href":"https:\/\/trailerpartsplaza.com\/de\/wp-json\/wp\/v2\/product"}],"about":[{"href":"https:\/\/trailerpartsplaza.com\/de\/wp-json\/wp\/v2\/types\/product"}],"replies":[{"embeddable":true,"href":"https:\/\/trailerpartsplaza.com\/de\/wp-json\/wp\/v2\/comments?post=59322"}],"wp:featuredmedia":[{"embeddable":true,"href":"https:\/\/trailerpartsplaza.com\/de\/wp-json\/wp\/v2\/media\/56346"}],"wp:attachment":[{"href":"https:\/\/trailerpartsplaza.com\/de\/wp-json\/wp\/v2\/media?parent=59322"}],"wp:term":[{"taxonomy":"product_brand","embeddable":true,"href":"https:\/\/trailerpartsplaza.com\/de\/wp-json\/wp\/v2\/product_brand?post=59322"},{"taxonomy":"product_cat","embeddable":true,"href":"https:\/\/trailerpartsplaza.com\/de\/wp-json\/wp\/v2\/product_cat?post=59322"},{"taxonomy":"product_tag","embeddable":true,"href":"https:\/\/trailerpartsplaza.com\/de\/wp-json\/wp\/v2\/product_tag?post=59322"}],"curies":[{"name":"wp","href":"https:\/\/api.w.org\/{rel}","templated":true}]}}