{"id":59379,"date":"2025-04-01T13:33:36","date_gmt":"2025-04-01T13:33:36","guid":{"rendered":"https:\/\/trailerpartsplaza.com\/product\/elektrische-winde-5443kg-12000lbs-12v-mit-fernsteuerung-motor-485ps\/"},"modified":"2025-04-01T13:33:36","modified_gmt":"2025-04-01T13:33:36","slug":"elektrische-winde-5443kg-12000lbs-12v-mit-fernsteuerung-motor-485ps","status":"publish","type":"product","link":"https:\/\/trailerpartsplaza.com\/de\/produkt\/elektrische-winde-5443kg-12000lbs-12v-mit-fernsteuerung-motor-485ps\/","title":{"rendered":"Elektrische Winde 5443kg.\/12000lbs.12V.mit Fernsteuerung. \/ Motor 4,85PS."},"content":{"rendered":"","protected":false},"excerpt":{"rendered":"<p>Die elektrische Winde 5443kg.\/12000lbs.12v.mit ferngesteuertem Bett. \/ Motor 4.85hp. bietet robuste Unterst\u00fctzung f\u00fcr eine Vielzahl von Anwendungen. Perfekt auf die g\u00e4ngigen Fahrzeugspezifikationen abgestimmt. Entwickelt f\u00fcr eine lange Lebensdauer und einfache Handhabung. M\u00f6chten Sie weitere Informationen zu diesem Produkt? Dann nehmen Sie Kontakt mit uns auf!<\/p>\n","protected":false},"featured_media":63039,"comment_status":"open","ping_status":"closed","template":"","meta":{"_joinchat":[]},"product_brand":[],"product_cat":[931],"product_tag":[],"class_list":{"0":"post-59379","1":"product","2":"type-product","3":"status-publish","4":"has-post-thumbnail","6":"product_cat-andere-produkte","9":"first","10":"instock","11":"taxable","12":"shipping-taxable","13":"purchasable","14":"product-type-simple"},"_links":{"self":[{"href":"https:\/\/trailerpartsplaza.com\/de\/wp-json\/wp\/v2\/product\/59379"}],"collection":[{"href":"https:\/\/trailerpartsplaza.com\/de\/wp-json\/wp\/v2\/product"}],"about":[{"href":"https:\/\/trailerpartsplaza.com\/de\/wp-json\/wp\/v2\/types\/product"}],"replies":[{"embeddable":true,"href":"https:\/\/trailerpartsplaza.com\/de\/wp-json\/wp\/v2\/comments?post=59379"}],"wp:featuredmedia":[{"embeddable":true,"href":"https:\/\/trailerpartsplaza.com\/de\/wp-json\/wp\/v2\/media\/63039"}],"wp:attachment":[{"href":"https:\/\/trailerpartsplaza.com\/de\/wp-json\/wp\/v2\/media?parent=59379"}],"wp:term":[{"taxonomy":"product_brand","embeddable":true,"href":"https:\/\/trailerpartsplaza.com\/de\/wp-json\/wp\/v2\/product_brand?post=59379"},{"taxonomy":"product_cat","embeddable":true,"href":"https:\/\/trailerpartsplaza.com\/de\/wp-json\/wp\/v2\/product_cat?post=59379"},{"taxonomy":"product_tag","embeddable":true,"href":"https:\/\/trailerpartsplaza.com\/de\/wp-json\/wp\/v2\/product_tag?post=59379"}],"curies":[{"name":"wp","href":"https:\/\/api.w.org\/{rel}","templated":true}]}}