{"id":59492,"date":"2025-04-01T13:32:52","date_gmt":"2025-04-01T13:32:52","guid":{"rendered":"https:\/\/trailerpartsplaza.com\/product\/buegelschraube-140x63mm-m10-achtung-rostig\/"},"modified":"2025-04-01T13:32:52","modified_gmt":"2025-04-01T13:32:52","slug":"buegelschraube-140x63mm-m10-achtung-rostig","status":"publish","type":"product","link":"https:\/\/trailerpartsplaza.com\/de\/produkt\/buegelschraube-140x63mm-m10-achtung-rostig\/","title":{"rendered":"B\u00fcgelschraube 140x63mm.M10 ( ACHTUNG: rostig! )"},"content":{"rendered":"","protected":false},"excerpt":{"rendered":"<p>Der U-Bolzen 140x63mm.m10 (Achtung rostig!) bietet robusten Halt f\u00fcr eine Vielzahl von Anwendungen. Sowohl f\u00fcr leichte als auch f\u00fcr schwerere Anwendungen geeignet. F\u00fcr alle, die Qualit\u00e4t und Komfort in einem Teil suchen. M\u00f6chten Sie weitere Informationen zu diesem Produkt? Dann nehmen Sie Kontakt mit uns auf!    <\/p>\n","protected":false},"featured_media":56187,"comment_status":"open","ping_status":"closed","template":"","meta":{"_joinchat":[]},"product_brand":[],"product_cat":[999,1000],"product_tag":[],"class_list":{"0":"post-59492","1":"product","2":"type-product","3":"status-publish","4":"has-post-thumbnail","6":"product_cat-bootsanhanger","7":"product_cat-bugelbolzen-und-anschlagplatten","10":"first","11":"instock","12":"taxable","13":"shipping-taxable","14":"purchasable","15":"product-type-simple"},"_links":{"self":[{"href":"https:\/\/trailerpartsplaza.com\/de\/wp-json\/wp\/v2\/product\/59492"}],"collection":[{"href":"https:\/\/trailerpartsplaza.com\/de\/wp-json\/wp\/v2\/product"}],"about":[{"href":"https:\/\/trailerpartsplaza.com\/de\/wp-json\/wp\/v2\/types\/product"}],"replies":[{"embeddable":true,"href":"https:\/\/trailerpartsplaza.com\/de\/wp-json\/wp\/v2\/comments?post=59492"}],"wp:featuredmedia":[{"embeddable":true,"href":"https:\/\/trailerpartsplaza.com\/de\/wp-json\/wp\/v2\/media\/56187"}],"wp:attachment":[{"href":"https:\/\/trailerpartsplaza.com\/de\/wp-json\/wp\/v2\/media?parent=59492"}],"wp:term":[{"taxonomy":"product_brand","embeddable":true,"href":"https:\/\/trailerpartsplaza.com\/de\/wp-json\/wp\/v2\/product_brand?post=59492"},{"taxonomy":"product_cat","embeddable":true,"href":"https:\/\/trailerpartsplaza.com\/de\/wp-json\/wp\/v2\/product_cat?post=59492"},{"taxonomy":"product_tag","embeddable":true,"href":"https:\/\/trailerpartsplaza.com\/de\/wp-json\/wp\/v2\/product_tag?post=59492"}],"curies":[{"name":"wp","href":"https:\/\/api.w.org\/{rel}","templated":true}]}}