{"id":59494,"date":"2025-04-01T13:31:47","date_gmt":"2025-04-01T13:31:47","guid":{"rendered":"https:\/\/trailerpartsplaza.com\/product\/markierungsschild-dreieck-fuer-langsamen-verkehr\/"},"modified":"2025-04-01T13:31:47","modified_gmt":"2025-04-01T13:31:47","slug":"markierungsschild-dreieck-fuer-langsamen-verkehr","status":"publish","type":"product","link":"https:\/\/trailerpartsplaza.com\/de\/produkt\/markierungsschild-dreieck-fuer-langsamen-verkehr\/","title":{"rendered":"Markierungsschild Dreieck f\u00fcr langsamen Verkehr"},"content":{"rendered":"","protected":false},"excerpt":{"rendered":"<p>R\u00fcsten Sie Ihr Fahrzeug mit dem Markierungsschild Langsamverkehr-Dreieck f\u00fcr eine robuste und stabile Basis auf. Diese Version ist aus hochwertigem Material gefertigt und f\u00fcr den t\u00e4glichen Gebrauch geeignet. Bitte kontaktieren Sie uns f\u00fcr weitere Informationen zu diesem Produkt. M\u00f6chten Sie weitere Informationen zu diesem Produkt? Dann nehmen Sie Kontakt mit uns auf!    <\/p>\n","protected":false},"featured_media":56049,"comment_status":"open","ping_status":"closed","template":"","meta":{"_joinchat":[]},"product_brand":[],"product_cat":[1015,896],"product_tag":[],"class_list":{"0":"post-59494","1":"product","2":"type-product","3":"status-publish","4":"has-post-thumbnail","6":"product_cat-markierungszeichen","7":"product_cat-saisonale-und-andere-produkte","10":"first","11":"instock","12":"taxable","13":"shipping-taxable","14":"purchasable","15":"product-type-simple"},"_links":{"self":[{"href":"https:\/\/trailerpartsplaza.com\/de\/wp-json\/wp\/v2\/product\/59494"}],"collection":[{"href":"https:\/\/trailerpartsplaza.com\/de\/wp-json\/wp\/v2\/product"}],"about":[{"href":"https:\/\/trailerpartsplaza.com\/de\/wp-json\/wp\/v2\/types\/product"}],"replies":[{"embeddable":true,"href":"https:\/\/trailerpartsplaza.com\/de\/wp-json\/wp\/v2\/comments?post=59494"}],"wp:featuredmedia":[{"embeddable":true,"href":"https:\/\/trailerpartsplaza.com\/de\/wp-json\/wp\/v2\/media\/56049"}],"wp:attachment":[{"href":"https:\/\/trailerpartsplaza.com\/de\/wp-json\/wp\/v2\/media?parent=59494"}],"wp:term":[{"taxonomy":"product_brand","embeddable":true,"href":"https:\/\/trailerpartsplaza.com\/de\/wp-json\/wp\/v2\/product_brand?post=59494"},{"taxonomy":"product_cat","embeddable":true,"href":"https:\/\/trailerpartsplaza.com\/de\/wp-json\/wp\/v2\/product_cat?post=59494"},{"taxonomy":"product_tag","embeddable":true,"href":"https:\/\/trailerpartsplaza.com\/de\/wp-json\/wp\/v2\/product_tag?post=59494"}],"curies":[{"name":"wp","href":"https:\/\/api.w.org\/{rel}","templated":true}]}}