{"id":59496,"date":"2025-04-01T13:31:51","date_gmt":"2025-04-01T13:31:51","guid":{"rendered":"https:\/\/trailerpartsplaza.com\/product\/reflektor-rot-weiss-30-cm-set-2-stueck\/"},"modified":"2025-04-01T13:31:51","modified_gmt":"2025-04-01T13:31:51","slug":"reflektor-rot-weiss-30-cm-set-2-stueck","status":"publish","type":"product","link":"https:\/\/trailerpartsplaza.com\/de\/produkt\/reflektor-rot-weiss-30-cm-set-2-stueck\/","title":{"rendered":"Reflektor rot\/wei\u00df 30 cm. Set (2 St\u00fcck)"},"content":{"rendered":"","protected":false},"excerpt":{"rendered":"<p>Der Reflektor rot\/wei\u00df 30 cm. Set (2 St\u00fcck) bietet robuste Unterst\u00fctzung f\u00fcr eine Vielzahl von Anwendungen. Dank seiner intelligenten Konstruktion und Abmessungen ist die Montage einfach. Ideal f\u00fcr Anh\u00e4nger, Wohnwagen und andere Transportmittel. M\u00f6chten Sie weitere Informationen zu diesem Produkt? Dann nehmen Sie Kontakt mit uns auf!     <\/p>\n","protected":false},"featured_media":56055,"comment_status":"open","ping_status":"closed","template":"","meta":{"_joinchat":[]},"product_brand":[],"product_cat":[1015,896],"product_tag":[],"class_list":{"0":"post-59496","1":"product","2":"type-product","3":"status-publish","4":"has-post-thumbnail","6":"product_cat-markierungszeichen","7":"product_cat-saisonale-und-andere-produkte","10":"first","11":"instock","12":"taxable","13":"shipping-taxable","14":"purchasable","15":"product-type-simple"},"_links":{"self":[{"href":"https:\/\/trailerpartsplaza.com\/de\/wp-json\/wp\/v2\/product\/59496"}],"collection":[{"href":"https:\/\/trailerpartsplaza.com\/de\/wp-json\/wp\/v2\/product"}],"about":[{"href":"https:\/\/trailerpartsplaza.com\/de\/wp-json\/wp\/v2\/types\/product"}],"replies":[{"embeddable":true,"href":"https:\/\/trailerpartsplaza.com\/de\/wp-json\/wp\/v2\/comments?post=59496"}],"wp:featuredmedia":[{"embeddable":true,"href":"https:\/\/trailerpartsplaza.com\/de\/wp-json\/wp\/v2\/media\/56055"}],"wp:attachment":[{"href":"https:\/\/trailerpartsplaza.com\/de\/wp-json\/wp\/v2\/media?parent=59496"}],"wp:term":[{"taxonomy":"product_brand","embeddable":true,"href":"https:\/\/trailerpartsplaza.com\/de\/wp-json\/wp\/v2\/product_brand?post=59496"},{"taxonomy":"product_cat","embeddable":true,"href":"https:\/\/trailerpartsplaza.com\/de\/wp-json\/wp\/v2\/product_cat?post=59496"},{"taxonomy":"product_tag","embeddable":true,"href":"https:\/\/trailerpartsplaza.com\/de\/wp-json\/wp\/v2\/product_tag?post=59496"}],"curies":[{"name":"wp","href":"https:\/\/api.w.org\/{rel}","templated":true}]}}