{"id":59500,"date":"2025-04-01T13:31:58","date_gmt":"2025-04-01T13:31:58","guid":{"rendered":"https:\/\/trailerpartsplaza.com\/product\/markierungsaufkleber-rot-weiss-auf-rolle-9mx14cm-set-2-links-rechts\/"},"modified":"2025-04-01T13:31:58","modified_gmt":"2025-04-01T13:31:58","slug":"markierungsaufkleber-rot-weiss-auf-rolle-9mx14cm-set-2-links-rechts","status":"publish","type":"product","link":"https:\/\/trailerpartsplaza.com\/de\/produkt\/markierungsaufkleber-rot-weiss-auf-rolle-9mx14cm-set-2-links-rechts\/","title":{"rendered":"Markierungsaufkleber rot\/wei\u00df auf Rolle 9mx14cm &#8211; Set 2 (links\/rechts)"},"content":{"rendered":"","protected":false},"excerpt":{"rendered":"<p>Der Markierungsaufkleber rot\/wei\u00df auf Rolle 9mx14cm &#8211; Set 2 (links\/rechts) ist f\u00fcr zuverl\u00e4ssige Leistung und Haltbarkeit konzipiert. Diese Version ist aus hochwertigem Material gefertigt und f\u00fcr den t\u00e4glichen Gebrauch geeignet. Bitte kontaktieren Sie uns f\u00fcr weitere Informationen zu diesem Produkt. M\u00f6chten Sie weitere Informationen zu diesem Produkt? Dann nehmen Sie Kontakt mit uns auf!    <\/p>\n","protected":false},"featured_media":56064,"comment_status":"open","ping_status":"closed","template":"","meta":{"_joinchat":[]},"product_brand":[],"product_cat":[1015,896],"product_tag":[],"class_list":{"0":"post-59500","1":"product","2":"type-product","3":"status-publish","4":"has-post-thumbnail","6":"product_cat-markierungszeichen","7":"product_cat-saisonale-und-andere-produkte","10":"first","11":"instock","12":"taxable","13":"shipping-taxable","14":"purchasable","15":"product-type-simple"},"_links":{"self":[{"href":"https:\/\/trailerpartsplaza.com\/de\/wp-json\/wp\/v2\/product\/59500"}],"collection":[{"href":"https:\/\/trailerpartsplaza.com\/de\/wp-json\/wp\/v2\/product"}],"about":[{"href":"https:\/\/trailerpartsplaza.com\/de\/wp-json\/wp\/v2\/types\/product"}],"replies":[{"embeddable":true,"href":"https:\/\/trailerpartsplaza.com\/de\/wp-json\/wp\/v2\/comments?post=59500"}],"wp:featuredmedia":[{"embeddable":true,"href":"https:\/\/trailerpartsplaza.com\/de\/wp-json\/wp\/v2\/media\/56064"}],"wp:attachment":[{"href":"https:\/\/trailerpartsplaza.com\/de\/wp-json\/wp\/v2\/media?parent=59500"}],"wp:term":[{"taxonomy":"product_brand","embeddable":true,"href":"https:\/\/trailerpartsplaza.com\/de\/wp-json\/wp\/v2\/product_brand?post=59500"},{"taxonomy":"product_cat","embeddable":true,"href":"https:\/\/trailerpartsplaza.com\/de\/wp-json\/wp\/v2\/product_cat?post=59500"},{"taxonomy":"product_tag","embeddable":true,"href":"https:\/\/trailerpartsplaza.com\/de\/wp-json\/wp\/v2\/product_tag?post=59500"}],"curies":[{"name":"wp","href":"https:\/\/api.w.org\/{rel}","templated":true}]}}