{"id":59513,"date":"2025-04-01T13:32:06","date_gmt":"2025-04-01T13:32:06","guid":{"rendered":"https:\/\/trailerpartsplaza.com\/product\/sicherheits-arbeitshandschuh\/"},"modified":"2025-04-01T13:32:06","modified_gmt":"2025-04-01T13:32:06","slug":"sicherheits-arbeitshandschuh","status":"publish","type":"product","link":"https:\/\/trailerpartsplaza.com\/de\/produkt\/sicherheits-arbeitshandschuh\/","title":{"rendered":"Sicherheits-\/Arbeitshandschuh"},"content":{"rendered":"","protected":false},"excerpt":{"rendered":"<p>Der Sicherheits-\/Arbeitshandschuh ist f\u00fcr zuverl\u00e4ssige Leistung und Langlebigkeit konzipiert. Perfekt auf die g\u00e4ngigen Fahrzeugspezifikationen abgestimmt. Entwickelt f\u00fcr Langlebigkeit und Benutzerfreundlichkeit. M\u00f6chten Sie weitere Informationen zu diesem Produkt? Dann nehmen Sie Kontakt mit uns auf!    <\/p>\n","protected":false},"featured_media":56088,"comment_status":"open","ping_status":"closed","template":"","meta":{"_joinchat":[]},"product_brand":[],"product_cat":[908,907],"product_tag":[],"class_list":{"0":"post-59513","1":"product","2":"type-product","3":"status-publish","4":"has-post-thumbnail","6":"product_cat-werkstatt-tools","7":"product_cat-werkzeuge","10":"first","11":"instock","12":"taxable","13":"shipping-taxable","14":"purchasable","15":"product-type-simple"},"_links":{"self":[{"href":"https:\/\/trailerpartsplaza.com\/de\/wp-json\/wp\/v2\/product\/59513"}],"collection":[{"href":"https:\/\/trailerpartsplaza.com\/de\/wp-json\/wp\/v2\/product"}],"about":[{"href":"https:\/\/trailerpartsplaza.com\/de\/wp-json\/wp\/v2\/types\/product"}],"replies":[{"embeddable":true,"href":"https:\/\/trailerpartsplaza.com\/de\/wp-json\/wp\/v2\/comments?post=59513"}],"wp:featuredmedia":[{"embeddable":true,"href":"https:\/\/trailerpartsplaza.com\/de\/wp-json\/wp\/v2\/media\/56088"}],"wp:attachment":[{"href":"https:\/\/trailerpartsplaza.com\/de\/wp-json\/wp\/v2\/media?parent=59513"}],"wp:term":[{"taxonomy":"product_brand","embeddable":true,"href":"https:\/\/trailerpartsplaza.com\/de\/wp-json\/wp\/v2\/product_brand?post=59513"},{"taxonomy":"product_cat","embeddable":true,"href":"https:\/\/trailerpartsplaza.com\/de\/wp-json\/wp\/v2\/product_cat?post=59513"},{"taxonomy":"product_tag","embeddable":true,"href":"https:\/\/trailerpartsplaza.com\/de\/wp-json\/wp\/v2\/product_tag?post=59513"}],"curies":[{"name":"wp","href":"https:\/\/api.w.org\/{rel}","templated":true}]}}