{"id":59563,"date":"2025-04-01T13:32:23","date_gmt":"2025-04-01T13:32:23","guid":{"rendered":"https:\/\/trailerpartsplaza.com\/product\/zentriersatz-reifen-4008-buchse-40mm\/"},"modified":"2025-04-01T13:32:23","modified_gmt":"2025-04-01T13:32:23","slug":"zentriersatz-reifen-4008-buchse-40mm","status":"publish","type":"product","link":"https:\/\/trailerpartsplaza.com\/de\/produkt\/zentriersatz-reifen-4008-buchse-40mm\/","title":{"rendered":"Zentriersatz Reifen 400*8, Buchse 40mm."},"content":{"rendered":"","protected":false},"excerpt":{"rendered":"<p>Der mittlere Reifensatz 400*8, Muffe 40mm. ist f\u00fcr zuverl\u00e4ssige Leistung und Haltbarkeit ausgelegt. Perfekt auf die g\u00e4ngigen Fahrzeugspezifikationen abgestimmt. F\u00fcr alle, die Qualit\u00e4t und Komfort in einem Teil suchen. M\u00f6chten Sie weitere Informationen zu diesem Produkt? Dann nehmen Sie Kontakt mit uns auf!     <\/p>\n","protected":false},"featured_media":56157,"comment_status":"open","ping_status":"closed","template":"","meta":{"_joinchat":[]},"product_brand":[],"product_cat":[1017,999],"product_tag":[],"class_list":{"0":"post-59563","1":"product","2":"type-product","3":"status-publish","4":"has-post-thumbnail","6":"product_cat-boot-rollensatze","7":"product_cat-bootsanhanger","10":"first","11":"instock","12":"taxable","13":"shipping-taxable","14":"purchasable","15":"product-type-simple"},"_links":{"self":[{"href":"https:\/\/trailerpartsplaza.com\/de\/wp-json\/wp\/v2\/product\/59563"}],"collection":[{"href":"https:\/\/trailerpartsplaza.com\/de\/wp-json\/wp\/v2\/product"}],"about":[{"href":"https:\/\/trailerpartsplaza.com\/de\/wp-json\/wp\/v2\/types\/product"}],"replies":[{"embeddable":true,"href":"https:\/\/trailerpartsplaza.com\/de\/wp-json\/wp\/v2\/comments?post=59563"}],"wp:featuredmedia":[{"embeddable":true,"href":"https:\/\/trailerpartsplaza.com\/de\/wp-json\/wp\/v2\/media\/56157"}],"wp:attachment":[{"href":"https:\/\/trailerpartsplaza.com\/de\/wp-json\/wp\/v2\/media?parent=59563"}],"wp:term":[{"taxonomy":"product_brand","embeddable":true,"href":"https:\/\/trailerpartsplaza.com\/de\/wp-json\/wp\/v2\/product_brand?post=59563"},{"taxonomy":"product_cat","embeddable":true,"href":"https:\/\/trailerpartsplaza.com\/de\/wp-json\/wp\/v2\/product_cat?post=59563"},{"taxonomy":"product_tag","embeddable":true,"href":"https:\/\/trailerpartsplaza.com\/de\/wp-json\/wp\/v2\/product_tag?post=59563"}],"curies":[{"name":"wp","href":"https:\/\/api.w.org\/{rel}","templated":true}]}}