{"id":59615,"date":"2025-04-01T13:31:33","date_gmt":"2025-04-01T13:31:33","guid":{"rendered":"https:\/\/trailerpartsplaza.com\/product\/stahlseilwinde-1600kg\/"},"modified":"2025-04-01T13:31:33","modified_gmt":"2025-04-01T13:31:33","slug":"stahlseilwinde-1600kg","status":"publish","type":"product","link":"https:\/\/trailerpartsplaza.com\/de\/produkt\/stahlseilwinde-1600kg\/","title":{"rendered":"Stahlseilwinde 1600kg."},"content":{"rendered":"","protected":false},"excerpt":{"rendered":"<p>Der 1600-kg-Seilzug ist f\u00fcr zuverl\u00e4ssige Leistung und Langlebigkeit ausgelegt. Dieses Modell ist aus hochwertigem Material gefertigt und f\u00fcr den t\u00e4glichen Gebrauch geeignet. Ideal f\u00fcr Anh\u00e4nger, Wohnwagen und andere Transportger\u00e4te. M\u00f6chten Sie weitere Informationen zu diesem Produkt? Dann nehmen Sie Kontakt mit uns auf!     <\/p>\n","protected":false},"featured_media":55992,"comment_status":"open","ping_status":"closed","template":"","meta":{"_joinchat":[]},"product_brand":[],"product_cat":[908,907],"product_tag":[],"class_list":{"0":"post-59615","1":"product","2":"type-product","3":"status-publish","4":"has-post-thumbnail","6":"product_cat-werkstatt-tools","7":"product_cat-werkzeuge","10":"first","11":"instock","12":"taxable","13":"shipping-taxable","14":"purchasable","15":"product-type-simple"},"_links":{"self":[{"href":"https:\/\/trailerpartsplaza.com\/de\/wp-json\/wp\/v2\/product\/59615"}],"collection":[{"href":"https:\/\/trailerpartsplaza.com\/de\/wp-json\/wp\/v2\/product"}],"about":[{"href":"https:\/\/trailerpartsplaza.com\/de\/wp-json\/wp\/v2\/types\/product"}],"replies":[{"embeddable":true,"href":"https:\/\/trailerpartsplaza.com\/de\/wp-json\/wp\/v2\/comments?post=59615"}],"wp:featuredmedia":[{"embeddable":true,"href":"https:\/\/trailerpartsplaza.com\/de\/wp-json\/wp\/v2\/media\/55992"}],"wp:attachment":[{"href":"https:\/\/trailerpartsplaza.com\/de\/wp-json\/wp\/v2\/media?parent=59615"}],"wp:term":[{"taxonomy":"product_brand","embeddable":true,"href":"https:\/\/trailerpartsplaza.com\/de\/wp-json\/wp\/v2\/product_brand?post=59615"},{"taxonomy":"product_cat","embeddable":true,"href":"https:\/\/trailerpartsplaza.com\/de\/wp-json\/wp\/v2\/product_cat?post=59615"},{"taxonomy":"product_tag","embeddable":true,"href":"https:\/\/trailerpartsplaza.com\/de\/wp-json\/wp\/v2\/product_tag?post=59615"}],"curies":[{"name":"wp","href":"https:\/\/api.w.org\/{rel}","templated":true}]}}