{"id":59735,"date":"2025-04-01T13:30:14","date_gmt":"2025-04-01T13:30:14","guid":{"rendered":"https:\/\/trailerpartsplaza.com\/product\/widerstands-set\/"},"modified":"2025-04-01T13:30:14","modified_gmt":"2025-04-01T13:30:14","slug":"widerstands-set","status":"publish","type":"product","link":"https:\/\/trailerpartsplaza.com\/de\/produkt\/widerstands-set\/","title":{"rendered":"Widerstands-Set"},"content":{"rendered":"","protected":false},"excerpt":{"rendered":"<p>F\u00fcr den intensiven Gebrauch ist das Widerstandsset eine ausgezeichnete Wahl. Die Kombination aus Robustheit und Funktionalit\u00e4t macht es zu einer zuverl\u00e4ssigen L\u00f6sung. Kontaktieren Sie uns f\u00fcr weitere Informationen zu diesem Produkt. M\u00f6chten Sie weitere Informationen zu diesem Produkt? Dann nehmen Sie Kontakt mit uns auf!    <\/p>\n","protected":false},"featured_media":55809,"comment_status":"open","ping_status":"closed","template":"","meta":{"_joinchat":[]},"product_brand":[],"product_cat":[995,1036,1026],"product_tag":[],"class_list":{"0":"post-59735","1":"product","2":"type-product","3":"status-publish","4":"has-post-thumbnail","6":"product_cat-beleuchtung","7":"product_cat-beleuchtungswiderstandssatze","8":"product_cat-led-beleuchtung","11":"first","12":"instock","13":"taxable","14":"shipping-taxable","15":"purchasable","16":"product-type-simple"},"_links":{"self":[{"href":"https:\/\/trailerpartsplaza.com\/de\/wp-json\/wp\/v2\/product\/59735"}],"collection":[{"href":"https:\/\/trailerpartsplaza.com\/de\/wp-json\/wp\/v2\/product"}],"about":[{"href":"https:\/\/trailerpartsplaza.com\/de\/wp-json\/wp\/v2\/types\/product"}],"replies":[{"embeddable":true,"href":"https:\/\/trailerpartsplaza.com\/de\/wp-json\/wp\/v2\/comments?post=59735"}],"wp:featuredmedia":[{"embeddable":true,"href":"https:\/\/trailerpartsplaza.com\/de\/wp-json\/wp\/v2\/media\/55809"}],"wp:attachment":[{"href":"https:\/\/trailerpartsplaza.com\/de\/wp-json\/wp\/v2\/media?parent=59735"}],"wp:term":[{"taxonomy":"product_brand","embeddable":true,"href":"https:\/\/trailerpartsplaza.com\/de\/wp-json\/wp\/v2\/product_brand?post=59735"},{"taxonomy":"product_cat","embeddable":true,"href":"https:\/\/trailerpartsplaza.com\/de\/wp-json\/wp\/v2\/product_cat?post=59735"},{"taxonomy":"product_tag","embeddable":true,"href":"https:\/\/trailerpartsplaza.com\/de\/wp-json\/wp\/v2\/product_tag?post=59735"}],"curies":[{"name":"wp","href":"https:\/\/api.w.org\/{rel}","templated":true}]}}