{"id":59749,"date":"2025-04-01T13:30:21","date_gmt":"2025-04-01T13:30:21","guid":{"rendered":"https:\/\/trailerpartsplaza.com\/product\/ruecklicht-o95mm-led-nebelscheinwerfer-rot\/"},"modified":"2025-04-01T13:30:21","modified_gmt":"2025-04-01T13:30:21","slug":"ruecklicht-o95mm-led-nebelscheinwerfer-rot","status":"publish","type":"product","link":"https:\/\/trailerpartsplaza.com\/de\/produkt\/ruecklicht-o95mm-led-nebelscheinwerfer-rot\/","title":{"rendered":"R\u00fccklicht \u00d895mm. LED-Nebelscheinwerfer rot."},"content":{"rendered":"","protected":false},"excerpt":{"rendered":"<p>Mit dem R\u00fccklicht 95mm. led red fogl. k\u00f6nnen Sie Ihren Anh\u00e4nger oder Trailer leicht verbessern. Diese Version ist aus hochwertigem Material gefertigt und f\u00fcr den t\u00e4glichen Gebrauch geeignet. F\u00fcr alle, die Qualit\u00e4t und Komfort in einem Teil suchen. M\u00f6chten Sie weitere Informationen zu diesem Produkt? Dann nehmen Sie Kontakt mit uns auf!      <\/p>\n","protected":false},"featured_media":55833,"comment_status":"open","ping_status":"closed","template":"","meta":{"_joinchat":[]},"product_brand":[],"product_cat":[1044,995,1038,1037],"product_tag":[],"class_list":{"0":"post-59749","1":"product","2":"type-product","3":"status-publish","4":"has-post-thumbnail","6":"product_cat-andere-led-ruckleuchten","7":"product_cat-beleuchtung","8":"product_cat-led-ruckleuchten","9":"product_cat-ruckleuchten","12":"first","13":"instock","14":"taxable","15":"shipping-taxable","16":"purchasable","17":"product-type-simple"},"_links":{"self":[{"href":"https:\/\/trailerpartsplaza.com\/de\/wp-json\/wp\/v2\/product\/59749"}],"collection":[{"href":"https:\/\/trailerpartsplaza.com\/de\/wp-json\/wp\/v2\/product"}],"about":[{"href":"https:\/\/trailerpartsplaza.com\/de\/wp-json\/wp\/v2\/types\/product"}],"replies":[{"embeddable":true,"href":"https:\/\/trailerpartsplaza.com\/de\/wp-json\/wp\/v2\/comments?post=59749"}],"wp:featuredmedia":[{"embeddable":true,"href":"https:\/\/trailerpartsplaza.com\/de\/wp-json\/wp\/v2\/media\/55833"}],"wp:attachment":[{"href":"https:\/\/trailerpartsplaza.com\/de\/wp-json\/wp\/v2\/media?parent=59749"}],"wp:term":[{"taxonomy":"product_brand","embeddable":true,"href":"https:\/\/trailerpartsplaza.com\/de\/wp-json\/wp\/v2\/product_brand?post=59749"},{"taxonomy":"product_cat","embeddable":true,"href":"https:\/\/trailerpartsplaza.com\/de\/wp-json\/wp\/v2\/product_cat?post=59749"},{"taxonomy":"product_tag","embeddable":true,"href":"https:\/\/trailerpartsplaza.com\/de\/wp-json\/wp\/v2\/product_tag?post=59749"}],"curies":[{"name":"wp","href":"https:\/\/api.w.org\/{rel}","templated":true}]}}