{"id":59764,"date":"2025-04-01T13:30:37","date_gmt":"2025-04-01T13:30:37","guid":{"rendered":"https:\/\/trailerpartsplaza.com\/product\/markierungsleuchte-rot-100x40mm-ovale-led-12v-und-halterung-radex-928\/"},"modified":"2025-04-01T13:30:37","modified_gmt":"2025-04-01T13:30:37","slug":"markierungsleuchte-rot-100x40mm-ovale-led-12v-und-halterung-radex-928","status":"publish","type":"product","link":"https:\/\/trailerpartsplaza.com\/de\/produkt\/markierungsleuchte-rot-100x40mm-ovale-led-12v-und-halterung-radex-928\/","title":{"rendered":"Markierungsleuchte rot 100x40mm, ovale LED 12V und Halterung Radex 928"},"content":{"rendered":"","protected":false},"excerpt":{"rendered":"<p>F\u00fcr den intensiven Gebrauch ist die rote 100x40mm Markierungsleuchte, oval led 12v. und Halterung radex 928 eine ausgezeichnete Wahl. Perfekt auf die g\u00e4ngigen Fahrzeugspezifikationen abgestimmt. Entwickelt f\u00fcr lange Lebensdauer und Benutzerfreundlichkeit. M\u00f6chten Sie weitere Informationen zu diesem Produkt? Dann nehmen Sie Kontakt mit uns auf!<\/p>\n","protected":false},"featured_media":55857,"comment_status":"open","ping_status":"closed","template":"","meta":{"_joinchat":[]},"product_brand":[],"product_cat":[995,1026,1028],"product_tag":[],"class_list":{"0":"post-59764","1":"product","2":"type-product","3":"status-publish","4":"has-post-thumbnail","6":"product_cat-beleuchtung","7":"product_cat-led-beleuchtung","8":"product_cat-markierungsleuchten","11":"first","12":"instock","13":"taxable","14":"shipping-taxable","15":"purchasable","16":"product-type-simple"},"_links":{"self":[{"href":"https:\/\/trailerpartsplaza.com\/de\/wp-json\/wp\/v2\/product\/59764"}],"collection":[{"href":"https:\/\/trailerpartsplaza.com\/de\/wp-json\/wp\/v2\/product"}],"about":[{"href":"https:\/\/trailerpartsplaza.com\/de\/wp-json\/wp\/v2\/types\/product"}],"replies":[{"embeddable":true,"href":"https:\/\/trailerpartsplaza.com\/de\/wp-json\/wp\/v2\/comments?post=59764"}],"wp:featuredmedia":[{"embeddable":true,"href":"https:\/\/trailerpartsplaza.com\/de\/wp-json\/wp\/v2\/media\/55857"}],"wp:attachment":[{"href":"https:\/\/trailerpartsplaza.com\/de\/wp-json\/wp\/v2\/media?parent=59764"}],"wp:term":[{"taxonomy":"product_brand","embeddable":true,"href":"https:\/\/trailerpartsplaza.com\/de\/wp-json\/wp\/v2\/product_brand?post=59764"},{"taxonomy":"product_cat","embeddable":true,"href":"https:\/\/trailerpartsplaza.com\/de\/wp-json\/wp\/v2\/product_cat?post=59764"},{"taxonomy":"product_tag","embeddable":true,"href":"https:\/\/trailerpartsplaza.com\/de\/wp-json\/wp\/v2\/product_tag?post=59764"}],"curies":[{"name":"wp","href":"https:\/\/api.w.org\/{rel}","templated":true}]}}