{"id":59769,"date":"2025-04-01T13:30:37","date_gmt":"2025-04-01T13:30:37","guid":{"rendered":"https:\/\/trailerpartsplaza.com\/product\/markierungsleuchte-orange-100x40mm-ovale-led-12v-und-halterung-radex-927\/"},"modified":"2025-04-01T13:30:37","modified_gmt":"2025-04-01T13:30:37","slug":"markierungsleuchte-orange-100x40mm-ovale-led-12v-und-halterung-radex-927","status":"publish","type":"product","link":"https:\/\/trailerpartsplaza.com\/de\/produkt\/markierungsleuchte-orange-100x40mm-ovale-led-12v-und-halterung-radex-927\/","title":{"rendered":"Markierungsleuchte orange 100x40mm, ovale LED 12V und Halterung Radex 927"},"content":{"rendered":"","protected":false},"excerpt":{"rendered":"<p>R\u00fcsten Sie Ihr Fahrzeug mit der Markierungsleuchte orange 100x40mm, oval led 12v. und der Halterung radex 927 f\u00fcr einen stabilen und festen Stand auf. Diese Version ist aus hochwertigem Material gefertigt und f\u00fcr den t\u00e4glichen Gebrauch geeignet. F\u00fcr alle, die Qualit\u00e4t und Komfort in einem Teil suchen. M\u00f6chten Sie weitere Informationen zu diesem Produkt? Dann nehmen Sie Kontakt mit uns auf!<\/p>\n","protected":false},"featured_media":55854,"comment_status":"open","ping_status":"closed","template":"","meta":{"_joinchat":[]},"product_brand":[],"product_cat":[995,1026,1028],"product_tag":[],"class_list":{"0":"post-59769","1":"product","2":"type-product","3":"status-publish","4":"has-post-thumbnail","6":"product_cat-beleuchtung","7":"product_cat-led-beleuchtung","8":"product_cat-markierungsleuchten","11":"first","12":"instock","13":"taxable","14":"shipping-taxable","15":"purchasable","16":"product-type-simple"},"_links":{"self":[{"href":"https:\/\/trailerpartsplaza.com\/de\/wp-json\/wp\/v2\/product\/59769"}],"collection":[{"href":"https:\/\/trailerpartsplaza.com\/de\/wp-json\/wp\/v2\/product"}],"about":[{"href":"https:\/\/trailerpartsplaza.com\/de\/wp-json\/wp\/v2\/types\/product"}],"replies":[{"embeddable":true,"href":"https:\/\/trailerpartsplaza.com\/de\/wp-json\/wp\/v2\/comments?post=59769"}],"wp:featuredmedia":[{"embeddable":true,"href":"https:\/\/trailerpartsplaza.com\/de\/wp-json\/wp\/v2\/media\/55854"}],"wp:attachment":[{"href":"https:\/\/trailerpartsplaza.com\/de\/wp-json\/wp\/v2\/media?parent=59769"}],"wp:term":[{"taxonomy":"product_brand","embeddable":true,"href":"https:\/\/trailerpartsplaza.com\/de\/wp-json\/wp\/v2\/product_brand?post=59769"},{"taxonomy":"product_cat","embeddable":true,"href":"https:\/\/trailerpartsplaza.com\/de\/wp-json\/wp\/v2\/product_cat?post=59769"},{"taxonomy":"product_tag","embeddable":true,"href":"https:\/\/trailerpartsplaza.com\/de\/wp-json\/wp\/v2\/product_tag?post=59769"}],"curies":[{"name":"wp","href":"https:\/\/api.w.org\/{rel}","templated":true}]}}